{"id":11,"date":"2020-03-18T13:11:08","date_gmt":"2020-03-18T13:11:08","guid":{"rendered":"https:\/\/healonia.com\/?page_id=11"},"modified":"2021-06-04T13:40:19","modified_gmt":"2021-06-04T13:40:19","slug":"treatments","status":"publish","type":"page","link":"https:\/\/healonia.com\/ro\/treatments\/","title":{"rendered":"Tratamente"},"content":{"rendered":"<section id=\"section-81-11\" class=\"ct-section\" style=\"background-image:linear-gradient(rgba(15,7,0,0.68), rgba(15,7,0,0.68)), url(https:\/\/healonia.com\/wp-content\/uploads\/2020\/03\/Background.jpg);background-size:auto,  cover;\" ><div class=\"ct-section-inner-wrap\"><h1 id=\"headline-83-11\" class=\"ct-headline\">Tratamente<\/h1><\/div><\/section><section id=\"section-2-11\" class=\"ct-section\" ><div class=\"ct-section-inner-wrap\"><div id=\"new_columns-125-11\" class=\"ct-new-columns atomic-content-26-columns\" ><div id=\"div_block-126-11\" class=\"ct-div-block\" ><h4 id=\"headline-127-11\" class=\"ct-headline atomic-content-26-title\">DURERE<\/h4><div id=\"text_block-128-11\" class=\"ct-text-block atomic-content-26-text\" >Durerea, indiferent de locul \u00een care apare, are un impact negativ asupra calit\u0103\u021bii vie\u021bii oric\u0103ruia dintre noi. Nu ne putem concentra asupra lucrurilor pe care le avem de f\u0103cut, nu putem fi eficien\u021bi, nu ne putem bucura de nimic, devenim irascibili \u0219i nervo\u0219i. Tratamentele clasice, cu medicamente, reduc sau elimin\u0103 temporar durerea, nu trateaz\u0103 \u0219i cauza ei, astfel c\u0103 aceasta va reveni \u020bn c\u00e2teva ore. \u00cen plus, ne pot afecta stomacul, ficatul, rinichii sau alte organe.<br><br>Terapia prin bioenergie, fie fa\u021b\u0103 \u00een fa\u021b\u0103, fie la distan\u021b\u0103, reduce par\u021bial sau total durerea, oriunde \u00een corpul uman, de cele mai multe ori \u00een 10-45 de minute. Nu are efecte secundare negative, iar rezultatele ei sunt pe termen lung sau chiar permanente.<\/div><\/div><div id=\"div_block-129-11\" class=\"ct-div-block treatments-page-images\" ><img id=\"image-130-11\" alt=\"\" src=\"https:\/\/healonia.com\/wp-content\/uploads\/2020\/03\/Insomnia-Treatment.jpg\" class=\"ct-image atomic-content-26-image\"\/><\/div><\/div><div id=\"new_columns-115-11\" class=\"ct-new-columns atomic-content-26-columns\" ><div id=\"div_block-116-11\" class=\"ct-div-block treatments-page-images\" ><img id=\"image-117-11\" alt=\"\" src=\"https:\/\/healonia.com\/wp-content\/uploads\/2020\/03\/Sport-Injuries-.jpg\" class=\"ct-image atomic-content-26-image\"\/><\/div><div id=\"div_block-118-11\" class=\"ct-div-block\" ><h4 id=\"headline-119-11\" class=\"ct-headline atomic-content-26-title\">AFEC\u021aIUNI URO-GENITALE<\/h4><div id=\"text_block-120-11\" class=\"ct-text-block atomic-content-26-text\" >Disfunc\u021bia energetic\u0103 pe termen lung, duce la boli uro-genitale feminine. Primul semn este atunci c\u00e2nd culoarea menstrua\u021biei se schimb\u0103 de la ro\u0219u aprins la maro \u00eenchis\/aproape negru. Acesta este rezultatul dezechilibrelor hormonale ale sistemului endocrin feminin. <br><br><div>Dup\u0103 doar patru sesiuni de terapie prin bioenergie, femeile vor observa revenirea menstrua\u021biei la culoarea normal\u0103 \u0219i diminuarea sau eliminarea cheagurilor.<\/div><\/div><\/div><\/div><div id=\"new_columns-106-11\" class=\"ct-new-columns atomic-content-26-columns\" ><div id=\"div_block-107-11\" class=\"ct-div-block\" ><h4 id=\"headline-108-11\" class=\"ct-headline atomic-content-26-title\">DISFUNCTII  DIGESTIVE, DURERI ABDOMINALE<\/h4><div id=\"text_block-109-11\" class=\"ct-text-block atomic-content-26-text\" >Exist\u0103 multe disfunctii digestive care pot fi tratate prin bio-energie, iar majoritatea problemelor legate de durerea abdominal\u0103 sunt tratate cu succes cu ajutorul terapiei de vindecare bio-energetic\u0103 la distan\u021b\u0103.<br><\/div><\/div><div id=\"div_block-110-11\" class=\"ct-div-block treatments-page-images\" ><img id=\"image-111-11\" alt=\"\" src=\"https:\/\/healonia.com\/wp-content\/uploads\/2020\/03\/Insomnia-Treatment.jpg\" class=\"ct-image atomic-content-26-image\"\/><\/div><\/div><div id=\"new_columns-95-11\" class=\"ct-new-columns atomic-content-26-columns\" ><div id=\"div_block-96-11\" class=\"ct-div-block treatments-page-images\" ><img id=\"image-97-11\" alt=\"\" src=\"https:\/\/healonia.com\/wp-content\/uploads\/2020\/03\/Sport-Injuries-.jpg\" class=\"ct-image atomic-content-26-image\"\/><\/div><div id=\"div_block-98-11\" class=\"ct-div-block\" ><h4 id=\"headline-99-11\" class=\"ct-headline atomic-content-26-title\">DEPRESIE, ANXIETATE, ATACURI DE PANIC\u0102<\/h4><div id=\"text_block-100-11\" class=\"ct-text-block atomic-content-26-text\" >Dezechilibrul sistemului energetic la nivelul capului poate provoca o tulburare emo\u021bional\u0103 \u0219i mental\u0103 care duce la depresie, anxietate, atacuri de panic\u0103 \u0219i alte tulbur\u0103ri psihologice.<br><br>Pacien\u021bii se bucur\u0103 de claritate, concentrare \u0219i calmul min\u021bii dup\u0103 terapie.<br><\/div><\/div><\/div><div id=\"new_columns-86-11\" class=\"ct-new-columns atomic-content-26-columns\" ><div id=\"div_block-87-11\" class=\"ct-div-block\" ><h4 id=\"headline-88-11\" class=\"ct-headline atomic-content-26-title\">CRE\u0218TEREA IMUNIT\u0102\u021aII<\/h4><div id=\"text_block-89-11\" class=\"ct-text-block atomic-content-26-text\" >Echilibrul energetic al corpului uman va duce la un sistem endocrin echilibrat, \u00eembun\u0103t\u0103\u021bind func\u021biile fiziologice ale organismului \u0219i homeostazia perfect\u0103  pentru cre\u0219terea imunit\u0103\u021bii.<br><\/div><\/div><div id=\"div_block-90-11\" class=\"ct-div-block treatments-page-images\" ><img id=\"image-91-11\" alt=\"\" src=\"https:\/\/healonia.com\/wp-content\/uploads\/2020\/03\/Insomnia-Treatment.jpg\" class=\"ct-image atomic-content-26-image\"\/><\/div><\/div><div id=\"new_columns-34-11\" class=\"ct-new-columns atomic-content-26-columns\" ><div id=\"div_block-35-11\" class=\"ct-div-block treatments-page-images\" ><img id=\"image-36-11\" alt=\"\" src=\"https:\/\/healonia.com\/wp-content\/uploads\/2020\/03\/Sport-Injuries-.jpg\" class=\"ct-image atomic-content-26-image\"\/><\/div><div id=\"div_block-37-11\" class=\"ct-div-block\" ><h4 id=\"headline-38-11\" class=\"ct-headline atomic-content-26-title\">LEZIUNI SPORTIVE<\/h4><div id=\"text_block-39-11\" class=\"ct-text-block atomic-content-26-text\" >\u00cenc\u0103lzirea insuficient\u0103 sau mi\u0219c\u0103rile bru\u0219te sunt cauzele cele mai frecvente ale leziunilor sportive. Crampele, durerile musculare, mu\u0219chii bloca\u021bi pot fi ajuta\u021bi cu un tratament bio-energetic aplicat. Astfel vindecarea leziunilor sportive este eficient\u0103 \u0219i accelerat\u0103.<\/div><\/div><\/div><div id=\"new_columns-12-11\" class=\"ct-new-columns atomic-content-26-columns\" ><div id=\"div_block-13-11\" class=\"ct-div-block\" ><h4 id=\"headline-14-11\" class=\"ct-headline atomic-content-26-title\">TRATAMENTUL INSOMNIEI<\/h4><div id=\"text_block-15-11\" class=\"ct-text-block atomic-content-26-text\" >Insomnia este cauzat\u0103 de dezechilibrul energetic din partea inferioar\u0103 a creierului \u0219i este guvernat\u0103 de func\u021bia sau disfunc\u021bia glandei pineale. Reechilibr\u00e2nd energia, glanda pineal\u0103 \u00ee\u0219i  \u00eembun\u0103t\u0103\u021be\u0219te secre\u021bia de melatonin\u0103 \u0219i, \u00een consecin\u021b\u0103, po\u021bi avea un somn odihnitor  noaptea.<\/div><\/div><div id=\"div_block-17-11\" class=\"ct-div-block treatments-page-images\" ><img id=\"image-18-11\" alt=\"\" src=\"https:\/\/healonia.com\/wp-content\/uploads\/2020\/03\/Insomnia-Treatment.jpg\" class=\"ct-image atomic-content-26-image\"\/><\/div><\/div><div id=\"new_columns-19-11\" class=\"ct-new-columns atomic-content-26-columns\" ><div id=\"div_block-20-11\" class=\"ct-div-block treatments-page-images\" ><img id=\"image-21-11\" alt=\"\" src=\"https:\/\/healonia.com\/wp-content\/uploads\/2020\/03\/Untitled-1.jpg\" class=\"ct-image atomic-content-26-image\"\/><\/div><div id=\"div_block-22-11\" class=\"ct-div-block\" ><h4 id=\"headline-23-11\" class=\"ct-headline atomic-content-26-title\">DURERI DE SPATE, ALTE TIPURI DE DURERI<\/h4><div id=\"text_block-24-11\" class=\"ct-text-block atomic-content-26-text\" ><div>Albert are capacitatea \u0219i cuno\u0219tin\u021bele necesare de a reduce par\u021bial sau total durerea, oriunde \u00een corpul uman, de cele mai multe ori \u020bn 10-45 de minute.<br><br> Odat\u0103 cu reducerea durerii, inflama\u021bia va sc\u0103dea. Cea mai frecvent\u0103 cauz\u0103 a durerii este sciatica, iar aceasta determin\u0103 durerea lombar\u0103. Recuperarea poate dura \u00eentre dou\u0103 \u0219i trei s\u0103pt\u0103m\u00e2ni, f\u0103r\u0103 s\u0103 fie nevoie de alte tipuri de tratamente. <br><\/div><div><br><\/div><div>Dup\u0103 terapia cu bioenergie, de cele mai multe ori, pacien\u021bii ies pe u\u0219\u0103 f\u0103r\u0103 s\u0103 mai simt\u0103 nicio durere. \u00cen cazurile mai complexe, organismul poate avea nevoie de c\u00e2teva zile pentru a r\u0103spunde la terapie. Apoi, corpul \u00eencepe procesul de vindecare, iar durerea dispare definitiv.\n<\/div><\/div><\/div><\/div><div id=\"new_columns-25-11\" class=\"ct-new-columns atomic-content-26-columns\" ><div id=\"div_block-26-11\" class=\"ct-div-block\" ><h4 id=\"headline-27-11\" class=\"ct-headline atomic-content-26-title\">MIGRENE, DURERI DE CAP<\/h4><div id=\"text_block-28-11\" class=\"ct-text-block atomic-content-26-text\" ><div style=\"text-align: left;\">Migrena este cauzat\u0103 de lipsa energiei \u00een sistemul energetic superior al creierului. Prin reechilibrarea structurilor energetice ale creierului, durerile de cap se vor diminua \u0219i dup\u0103 un timp vor disp\u0103rea.<\/div><div style=\"text-align: left;\"><br><\/div><div style=\"text-align: left;\">Dac\u0103 ai o migren\u0103, scrie-mi pentru o programare \u0219i o vom elimina pe loc, f\u0103r\u0103 a utiliza medicamente.<\/div><\/div><\/div><div id=\"div_block-29-11\" class=\"ct-div-block treatments-page-images\" ><img id=\"image-30-11\" alt=\"\" src=\"https:\/\/healonia.com\/wp-content\/uploads\/2020\/03\/Insomnia-Treatment.jpg\" class=\"ct-image atomic-content-26-image\"\/><\/div><\/div><div id=\"new_columns-43-11\" class=\"ct-new-columns atomic-content-26-columns\" ><div id=\"div_block-44-11\" class=\"ct-div-block treatments-page-images\" ><img id=\"image-45-11\" alt=\"\" src=\"https:\/\/healonia.com\/wp-content\/uploads\/2020\/03\/Sport-Injuries-.jpg\" class=\"ct-image atomic-content-26-image\"\/><\/div><div id=\"div_block-46-11\" class=\"ct-div-block\" ><h4 id=\"headline-47-11\" class=\"ct-headline atomic-content-26-title\">INCONTINEN\u021a\u0102 URINAR\u0102 MASCULIN\u0102<\/h4><div id=\"text_block-48-11\" class=\"ct-text-block atomic-content-26-text\" >Dac\u0103 observi c\u0103 trebuie s\u0103 te treze\u0219ti de mai multe ori pe noapte pentru a urina, ar trebui s\u0103 fii con\u0219tient c\u0103 exist\u0103 o disfunc\u021bie a prostatei. De asemenea, dac\u0103 observi un flux de urin\u0103 slab sau mai slab dec\u00e2t \u00eenainte, \u0219i acesta este un semn al disfunc\u021biei prostatei.<br><br>Dup\u0103 primul tratament deja vei sim\u021bi o \u00eembun\u0103t\u0103\u021bire excelent\u0103 \u0219i te vei trezi noaptea mai rar dec\u00e2t \u00eenainte. De asemenea, vei sim\u021bii o \u00eembun\u0103t\u0103\u021bire a tractului urinar. O recuperare excelent\u0103 poate dura timp de c\u00e2teva \u0219edin\u021be, dup\u0103 care te vei putea bucura de un somn odihnitor noaptea \u0219i de o calitate a vie\u021bii mai bun\u0103.<\/div><\/div><\/div><div id=\"new_columns-52-11\" class=\"ct-new-columns atomic-content-26-columns\" ><div id=\"div_block-53-11\" class=\"ct-div-block\" ><h4 id=\"headline-54-11\" class=\"ct-headline atomic-content-26-title\">SESIUNI DE TRATAMENT - PATOLOGII<\/h4><div id=\"text_block-55-11\" class=\"ct-text-block atomic-content-26-text\" ><div style=\"text-align: left;\"><\/div>Eliminarea durerii \u0219i inflama\u021biei din organism.<br><br>Tratamentul prostatei, chistului ovarian, tiroidei, herpesului, vezicii biliare, hemoroizilor, bolilor autoimune, epilepsiei, afec\u021biunilor cardiace, migrenei, durerilor de spate cronice, problemelor de reproducere ale femeilor, diabetului etc.<br><br>Cum arat\u0103 o sesiune de tratament:&nbsp;<br>Terapeutul aplic\u0103 o serie de tehnici \u00een func\u021bie de natura afec\u021biunii. Sesiunile sunt efectuate cu pacientul \u00eembr\u0103cat complet, st\u00e2nd \u00een picioare sau a\u0219ezat.<div style=\"text-align: left;\"><\/div><\/div><\/div><div id=\"div_block-56-11\" class=\"ct-div-block treatments-page-images\" ><img id=\"image-57-11\" alt=\"\" src=\"https:\/\/healonia.com\/wp-content\/uploads\/2020\/03\/Insomnia-Treatment.jpg\" class=\"ct-image atomic-content-26-image\"\/><\/div><\/div><div id=\"new_columns-142-11\" class=\"ct-new-columns atomic-content-26-columns\" ><div id=\"div_block-143-11\" class=\"ct-div-block treatments-page-images\" ><img id=\"image-144-11\" alt=\"\" src=\"https:\/\/healonia.com\/wp-content\/uploads\/2020\/03\/Sport-Injuries-.jpg\" class=\"ct-image atomic-content-26-image\"\/><\/div><div id=\"div_block-145-11\" class=\"ct-div-block\" ><h4 id=\"headline-146-11\" class=\"ct-headline atomic-content-26-title\">M\u0102SUR\u0102TORI RADIESTEZICE<\/h4><div id=\"text_block-147-11\" class=\"ct-text-block atomic-content-26-text\" >M\u0103surarea radiestezic\u0103 a c\u00e2mpurilor energetice ale unei case sau ale corpului uman. Compatibilitatea \/ incompatibilitatea cu alimente \u0219i b\u0103uturi \u0219i diagnosticare alergii.<br><br>Cum arat\u0103 o sesiune de examinare:<br>\u00cen timpul examin\u0103rii, terapeutul efectueaz\u0103 o evaluare a liniilor Hartmann care traverseaz\u0103 casa \u0219i sf\u0103tuie\u0219te clientul cu privire la orice modific\u0103ri ce trebuie f\u0103cute. Dac\u0103 este identificat\u0103 o afec\u021biune, poate fi necesar un diagnostic de aur\u0103 separat.<\/div><\/div><\/div><div id=\"new_columns-70-11\" class=\"ct-new-columns atomic-content-26-columns\" ><div id=\"div_block-71-11\" class=\"ct-div-block\" ><h4 id=\"headline-72-11\" class=\"ct-headline atomic-content-26-title\">AURA, DIAGNOZ\u0102 ENERGETIC\u0102<\/h4><div id=\"text_block-73-11\" class=\"ct-text-block atomic-content-26-text\" ><div style=\"text-align: left;\"><\/div>\u2022 Diagnoza aurei \u0219i a patologiilor<br>\u2022 M\u0103surarea energiei Chi<br><br>Cum arat\u0103 o sesiune de examinare:<br>\u00cen timpul examin\u0103rii, terapeutul efectueaz\u0103 o evaluare complet\u0103 a corpului energetic al pacientului \u0219i a chakrelor principale ale acestuia. Rezultatele evalu\u0103rii sunt transmise pacientului care este, de asemenea, sf\u0103tuit cu privire la condi\u021biile actuale \u0219i a\u0219teptate, dac\u0103 este cazul, \u0219i la tratamentul propus.<br><div style=\"text-align: left;\"><\/div><\/div><\/div><div id=\"div_block-74-11\" class=\"ct-div-block treatments-page-images\" ><img id=\"image-75-11\" alt=\"\" src=\"https:\/\/healonia.com\/wp-content\/uploads\/2020\/03\/Insomnia-Treatment.jpg\" class=\"ct-image atomic-content-26-image\"\/><\/div><\/div><div id=\"new_columns-61-11\" class=\"ct-new-columns atomic-content-26-columns\" ><div id=\"div_block-62-11\" class=\"ct-div-block treatments-page-images\" ><img id=\"image-63-11\" alt=\"\" src=\"https:\/\/healonia.com\/wp-content\/uploads\/2020\/03\/Sport-Injuries-.jpg\" class=\"ct-image atomic-content-26-image\"\/><\/div><div id=\"div_block-64-11\" class=\"ct-div-block\" ><h4 id=\"headline-65-11\" class=\"ct-headline atomic-content-26-title\">ALTELE<\/h4><div id=\"text_block-66-11\" class=\"ct-text-block atomic-content-26-text\" ><div>Pe l\u00e2ng\u0103 cele expuse mai sus, sunt multe alte probleme de s\u0103n\u0103tate care pot fi tratate cu ajutorul terapiei prin bioenergie. <br><\/div><div><br><\/div><div>Trimite-ne un mesaj \u00een care ne spui ce te sup\u0103r\u0103 \u0219i \u0103mpreun\u0103, vom g\u0103si metoda cea mai potrivit\u0103 de vindecare.<\/div><\/div><\/div><\/div><\/div><\/section><section id=\"section-149-11\" class=\"ct-section\" ><div class=\"ct-section-inner-wrap\"><div id=\"new_columns-152-11\" class=\"ct-new-columns\" ><div id=\"div_block-153-11\" class=\"ct-div-block\" ><div id=\"fancy_icon-167-11\" class=\"ct-fancy-icon\" ><svg id=\"svg-fancy_icon-167-11\"><use xlink:href=\"#Lineariconsicon-sun\"><\/use><\/svg><\/div><h2 id=\"headline-155-11\" class=\"ct-headline hyperion-cta-3-title\">Ai \u00eencercat s\u0103 scapi de durere cu medicamente, dar nu a func\u021bionat ? \u00cencearc\u0103 Healonia.<\/h2><div id=\"text_block-156-11\" class=\"ct-text-block hyperion-body-text\" >Tratez diferite tipuri de dureri \u0219i disfunc\u021bii: dureri de cap, dureri legate de urechi, dureri de piept sau de spate, dureri legate de stomac \u0219i de zona digestiv\u0103, dismenoree (dureri menstruale), lombalgii \u0219i MULTE ALTELE!<\/div><a id=\"link-173-11\" class=\"ct-link\" href=\"https:\/\/healonia.com\/ro\/get-rid-of-your-pain\/\" target=\"_self\"  ><div id=\"text_block-174-11\" class=\"ct-text-block\" >SCAP\u0102 DE DURERE<\/div><div id=\"fancy_icon-175-11\" class=\"ct-fancy-icon\" ><svg id=\"svg-fancy_icon-175-11\"><use xlink:href=\"#FontAwesomeicon-angle-double-right\"><\/use><\/svg><\/div><\/a><\/div><div id=\"div_block-158-11\" class=\"ct-div-block\" ><div id=\"fancy_icon-168-11\" class=\"ct-fancy-icon\" ><svg id=\"svg-fancy_icon-168-11\"><use xlink:href=\"#Lineariconsicon-smile\"><\/use><\/svg><\/div><h2 id=\"headline-160-11\" class=\"ct-headline hyperion-cta-3-title\">Cum func\u021bioneaz\u0103 terapia de vindecare cu BioEnergie ?<\/h2><div id=\"text_block-161-11\" class=\"ct-text-block hyperion-body-text\" >Vindecarea la distan\u021b\u0103 este una dintre cele mai puternice, accesibile \u0219i eficiente terapii de vindecare. Este vorba despre o energie de vindecare \u201etrimis\u0103\u201d peste spa\u021biu \u0219i timp \u0219i \u201eprimit\u0103\u201d de  pacient.<\/div><a id=\"link-176-11\" class=\"ct-link\" href=\"https:\/\/healonia.com\/ro\/how-it-works\/\" target=\"_self\"  ><div id=\"text_block-177-11\" class=\"ct-text-block\" >AFL\u0102 MAI MULTE<\/div><div id=\"fancy_icon-178-11\" class=\"ct-fancy-icon\" ><svg id=\"svg-fancy_icon-178-11\"><use xlink:href=\"#FontAwesomeicon-angle-double-right\"><\/use><\/svg><\/div><\/a><\/div><\/div><\/div><\/section>","protected":false},"excerpt":{"rendered":"","protected":false},"author":1,"featured_media":0,"parent":0,"menu_order":0,"comment_status":"closed","ping_status":"closed","template":"","meta":[],"yoast_head":"<!-- This site is optimized with the Yoast SEO plugin v14.0.4 - https:\/\/yoast.com\/wordpress\/plugins\/seo\/ -->\n<title>Treatments - Healonia<\/title>\n<meta name=\"robots\" content=\"index, follow\" \/>\n<meta name=\"googlebot\" content=\"index, follow, max-snippet:-1, max-image-preview:large, max-video-preview:-1\" \/>\n<meta name=\"bingbot\" content=\"index, follow, max-snippet:-1, max-image-preview:large, max-video-preview:-1\" \/>\n<link rel=\"canonical\" href=\"https:\/\/healonia.com\/ro\/treatments\/\" \/>\n<meta property=\"og:locale\" content=\"ro_RO\" \/>\n<meta property=\"og:type\" content=\"article\" \/>\n<meta property=\"og:title\" content=\"Treatments - Healonia\" \/>\n<meta property=\"og:url\" content=\"https:\/\/healonia.com\/ro\/treatments\/\" \/>\n<meta property=\"og:site_name\" content=\"Healonia\" \/>\n<meta property=\"article:modified_time\" content=\"2021-06-04T13:40:19+00:00\" \/>\n<meta name=\"twitter:card\" content=\"summary_large_image\" \/>\n<script type=\"application\/ld+json\" class=\"yoast-schema-graph\">{\"@context\":\"https:\/\/schema.org\",\"@graph\":[{\"@type\":\"Organization\",\"@id\":\"https:\/\/healonia.com\/ro\/#organization\",\"name\":\"Healonia - Distant Bio-Energy Therapy\",\"url\":\"https:\/\/healonia.com\/ro\/\",\"sameAs\":[],\"logo\":{\"@type\":\"ImageObject\",\"@id\":\"https:\/\/healonia.com\/ro\/#logo\",\"inLanguage\":\"ro-RO\",\"url\":\"https:\/\/healonia.com\/wp-content\/uploads\/2020\/03\/Healonia-Logo-Color-BK_2.png\",\"width\":200,\"height\":87,\"caption\":\"Healonia - Distant Bio-Energy Therapy\"},\"image\":{\"@id\":\"https:\/\/healonia.com\/ro\/#logo\"}},{\"@type\":\"WebSite\",\"@id\":\"https:\/\/healonia.com\/ro\/#website\",\"url\":\"https:\/\/healonia.com\/ro\/\",\"name\":\"Healonia\",\"description\":\"Distant Bio-Energy Therapy\",\"publisher\":{\"@id\":\"https:\/\/healonia.com\/ro\/#organization\"},\"potentialAction\":[{\"@type\":\"SearchAction\",\"target\":\"https:\/\/healonia.com\/ro\/?s={search_term_string}\",\"query-input\":\"required name=search_term_string\"}],\"inLanguage\":\"ro-RO\"},{\"@type\":\"WebPage\",\"@id\":\"https:\/\/healonia.com\/treatments\/#webpage\",\"url\":\"https:\/\/healonia.com\/treatments\/\",\"name\":\"Treatments - Healonia\",\"isPartOf\":{\"@id\":\"https:\/\/healonia.com\/ro\/#website\"},\"datePublished\":\"2020-03-18T13:11:08+00:00\",\"dateModified\":\"2021-06-04T13:40:19+00:00\",\"inLanguage\":\"ro-RO\",\"potentialAction\":[{\"@type\":\"ReadAction\",\"target\":[\"https:\/\/healonia.com\/treatments\/\"]}]}]}<\/script>\n<!-- \/ Yoast SEO plugin. -->","_links":{"self":[{"href":"https:\/\/healonia.com\/ro\/wp-json\/wp\/v2\/pages\/11"}],"collection":[{"href":"https:\/\/healonia.com\/ro\/wp-json\/wp\/v2\/pages"}],"about":[{"href":"https:\/\/healonia.com\/ro\/wp-json\/wp\/v2\/types\/page"}],"author":[{"embeddable":true,"href":"https:\/\/healonia.com\/ro\/wp-json\/wp\/v2\/users\/1"}],"replies":[{"embeddable":true,"href":"https:\/\/healonia.com\/ro\/wp-json\/wp\/v2\/comments?post=11"}],"version-history":[{"count":7,"href":"https:\/\/healonia.com\/ro\/wp-json\/wp\/v2\/pages\/11\/revisions"}],"predecessor-version":[{"id":222,"href":"https:\/\/healonia.com\/ro\/wp-json\/wp\/v2\/pages\/11\/revisions\/222"}],"wp:attachment":[{"href":"https:\/\/healonia.com\/ro\/wp-json\/wp\/v2\/media?parent=11"}],"curies":[{"name":"wp","href":"https:\/\/api.w.org\/{rel}","templated":true}]}}