{"id":119,"date":"2020-03-24T18:51:22","date_gmt":"2020-03-24T18:51:22","guid":{"rendered":"https:\/\/healonia.com\/?page_id=119"},"modified":"2020-03-24T18:51:23","modified_gmt":"2020-03-24T18:51:23","slug":"privacy-policy","status":"publish","type":"page","link":"https:\/\/healonia.com\/ro\/privacy-policy\/","title":{"rendered":"Politica de Confiden\u021bialitate"},"content":{"rendered":"<section id=\"section-2-119\" class=\"ct-section\" style=\"background-image:linear-gradient(rgba(15,7,0,0.75), rgba(15,7,0,0.75)), url(https:\/\/healonia.com\/wp-content\/uploads\/2020\/03\/Background.jpg);background-size:auto,  cover;\" ><div class=\"ct-section-inner-wrap\"><h1 id=\"headline-3-119\" class=\"ct-headline\" data-aos=\"fade\" data-aos-duration=\"600\">Politica de Confiden\u021bialitate<\/h1><\/div><\/section><section id=\"section-5-119\" class=\"ct-section\" ><div class=\"ct-section-inner-wrap\"><div id=\"text_block-6-119\" class=\"ct-text-block\" ><span id=\"span-9-119\" class=\"ct-span\" >Generalit\u0103\u021bi<\/span><br><br>1. AD Lotus Therapy S.R.L. - Healonia se angajeaz\u0103 s\u0103 protejeze \u0219i s\u0103 respecte datele cu caracter personal sau confiden\u021bial \u00een conformitate cu prevederile Regulamentului European 679\/2016 - GDPR.<br><br>2. Aceasta Politic\u0103 de confiden\u021bialitate, \u00eempreun\u0103 cu orice alt document la care se face referire, stabile\u0219te principiile \u00een care vor fi prelucrate orice date personale pe care le colect\u0103m de la cump\u0103r\u0103tori\/clien\u021bi\/vizitatori sau al\u021bi interesa\u021bi, sau care ni se furnizeaz\u0103. Tuturor persoanelor vizate li se va transmite, \u00een scris sau verbal c\u00e2nd prima nu este posibil\u0103, nota de informare informare cu privire colectarea datelor personale pentru a \u00een\u021belege opiniile \u0219i practicile noastre cu privire la datele personale precum \u0219i cum le vom prelucra \u0219i, de asemenea, li se va solicita acordul expres \u0219i explicit pentru acestea.<\/div><div id=\"text_block-12-119\" class=\"ct-text-block\" ><span id=\"span-13-119\" class=\"ct-span\" >Informa\u021bii colectate<\/span><br><br>3. AD Lotus Therapy S.R.L. - Healonia poate colecta \u0219i procesa urm\u0103toarele date personale:<br><br>a. Informa\u021biile care ni se furnizeaz\u0103 prin completarea diverselor formulare tip\u0103rite sau electronice, respectiv nume, prenume, denumiri, adrese fizice sau electronice, numere de telefon. Aceasta include, f\u0103r\u0103 a se limita la, informa\u021biile furnizate \u00een momentul \u00eenregistr\u0103rii pentru a utiliza saitul, \u00een momentul abon\u0103rii la serviciile saitului \u0219i la newsletter, \u00een momentul post\u0103rii de materiale sau la solicitarea unor servicii\/produse.<br><br>De asemenea, AD Lotus Therapy S.R.L. - Healonia poate solicita informa\u021bii atunci c\u00e2nd se efectueaz\u0103 \u00eenscrieri la oricare dintre concursurile sau promo\u021biile organizate \u0219i atunci c\u00e2nd se raporteaz\u0103 o problem\u0103 a saitului din partea vizitatorilor;<br><br>b. \u00cen cazul \u00een care se contacteaz\u0103, AD Lotus Therapy S.R.L. - Healonia poate p\u0103stra o \u00eenregistrare a coresponden\u021bei;<br><br>c. AD Lotus Therapy S.R.L. - Healonia poate solicita completarea unor chestionare, de tip sondaj de opinie, care vor fi folosite cu scopul \u00eembun\u0103t\u0103\u021birii serviciilor \u0219i\/sau diversificarea gamei produselor comercializate, de\u0219i completarea acestora nu este obligatorie;<br><br>d. Detalii privind vizitarea saitului, inclusiv dar f\u0103r\u0103 a se limita la, date de trafic, date de localizare, weblogs si alte date de comunicare, indiferent dac\u0103 acest lucru este necesar pentru scopurile proprii de facturare sau \u00een alt mod, precum \u0219i resursele accesate.<\/div><div id=\"text_block-16-119\" class=\"ct-text-block\" ><span id=\"span-17-119\" class=\"ct-span\" >Adresele IP si Cookie-uri<\/span><br><br>4. AD Lotus Therapy S.R.L. - Healonia poate colecta informa\u021bii despre computerul vizitatorului saitului, inclusiv adresa de IP disponibil\u0103, sistemul de operare \u0219i tipul de browser, \u00een scopul administr\u0103rii sistemului. Acestea sunt date statistice despre activitatea \u0219i obiceiurile de navigare ale utilizatorilor \u0219i prin ele nu se identific\u0103 niciun individ.<br><br>5. Pentru acela\u0219i motiv, AD Lotus Therapy S.R.L. - Healonia poate ob\u021bine informa\u021bii despre utilizarea serviciului de internet \u00een general, prin folosirea unui fi\u0219ier \u201ecookie\u201d care este stocat pe hard disk-ul computerului vizitatorului saitului. Ele ajuta la \u00eembun\u0103t\u0103\u021birea saitului \u0219i pentru a oferi un serviciu mai bun \u0219i personalizat. Acestea permit:<br><br>- estimarea num\u0103rului de vizitatori \u0219i a modurilor de folosire a saitului;<br><br>- stocarea de informa\u021bii despre preferin\u021bele vizitatorului, a\u0219adar permit AD Lotus Therapy S.R.L. - Healonia s\u0103 personalizeze pagina web conform intereselor vizitatorului;<br><br>- cre\u0219terea rapidit\u0103\u021bii c\u0103ut\u0103rilor;<br><br>- recunoa\u0219terea vizitatorului atunci c\u00e2nd acesta revine pe sait.<br><br>6. Vizitatorul va putea refuza acceptarea de cookie-uri prin activarea op\u021biunii din navigatorul utilizat, care va permite s\u0103 refuze instalarea de cookie-uri.<\/div><div id=\"text_block-22-119\" class=\"ct-text-block\" ><span id=\"span-23-119\" class=\"ct-span\" >Unde sunt p\u0103strate datele personale<\/span><br><br>7. Datele personale de AD Lotus Therapy S.R.L. - Healonia nu vor fi transferate c\u0103tre ter\u021bi. Aceste date pot fi prelucrate doar de c\u0103tre personalul autorizat al AD Lotus Therapy S.R.L. - Healonia. Firma va lua toate m\u0103surile rezonabil necesare pentru a se asigura c\u0103 datele colectate sunt prelucrate \u00een siguran\u021b\u0103 \u0219i \u00een conformitate cu prevederile prezentei Politici de confiden\u021bialitate.<br><br>8. \u00cen cazul \u00een care informa\u021biile sunt colectate manual, pe suport fizic de h\u00e2rtie (ex. formulare, taloane etc.), acestea vor fi prelucrate \u0219i stocate doar la sediul sau punctele de lucru ale AD Lotus Therapy S.R.L. - Healonia. Depozitarea se va face sub cheie iar accesul la informa\u021bii \u00eel va avea doar personalul autorizat al AD Lotus Therapy S.R.L. - Healonia.<br><br>9. \u00cen cazul \u00een care informa\u021biile sunt colectate printr-un sistem automatizat (ex. formulare electronice, e-mail etc.), acestea vor fi prelucrate \u0219i stocate doar prin calculatoarele \u0219i perifericele autorizate de AD Lotus Therapy S.R.L. - Healonia, la sediul \u0219i punctele de lucru ale acesteia. Toate discurile, HDD\/SDD\/CD\/DVD, vor fi \u00eencriptate iar accesul la informa\u021bii se face pe baz\u0103 de parol\u0103 de c\u0103tre personalul autorizat al AD Lotus Therapy S.R.L. - Healonia.<br><br>10. \u00cen cazul \u00een care s-a oferit sau s-a ales o parola care permite accesul persoanelor vizate la anumite sec\u021biuni de cont client \u00een cadrul saitului unde ace\u0219tia au plasat date personale, responsabilitatea pentru men\u021binerea confiden\u021bialit\u0103\u021bii acestei parole cade \u0219i \u00een sarcina acestora. Tuturor vizitatorilor\/utilizatorilor li se va cere s\u0103 nu divulge datele de acces niciunui ter\u021b.<br><br>11. Din nefericire, transmiterea de informa\u021bii prin intermediul internetului nu este complet sigur\u0103. De\u0219i AD Lotus Therapy S.R.L. - Healonia va face tot posibilul pentru a proteja datele personale colectate, nu poate garanta securitatea acestora \u00een timpul transmisiei. Odat\u0103 primite informa\u021biile, AD Lotus Therapy S.R.L. - Healonia va utiliza proceduri stricte \u0219i tehnici de securitate pentru a \u00eencerca sa se previn\u0103 accesul neautorizat la aceste date.<\/div><div id=\"text_block-28-119\" class=\"ct-text-block\" ><span id=\"span-29-119\" class=\"ct-span\" >Folosirea datelor<\/span><br><br>12. AD Lotus Therapy S.R.L. - Healonia folose\u0219te informa\u021biile ob\u021binute \u00een urm\u0103toarele moduri:<br><br>- pentru a se asigura c\u0103 materialele de marketing sunt prezentate \u00een modul cel mai eficace pentru cump\u0103r\u0103tori\/clien\u021bi\/posibili \u0219i pentru calculatorul acestora;<br><br>- pentru a oferi informa\u021bii, produse sau servicii solicitate sau de care AD Lotus Therapy S.R.L. - Healonia consider\u0103 c\u0103 persoanele vizate ar fi interesate, \u00een cazul \u00een care exist\u0103 un acord prealabil explicit pentru aceast\u0103 activitate;<br><br>- pentru a \u00eendeplini obliga\u021biile ce decurg din oricare dintre acordurile \u00eencheiate intre interesa\u021bi \u0219i AD Lotus Therapy S.R.L. - Healonia;<br><br>- pentru a permite accesul la func\u021biile interactive ale vreunui serviciului, atunci c\u00e2nd interesa\u021bii au ales aceasta;<br><br>- pentru a semnala modific\u0103rile serviciilor AD Lotus Therapy S.R.L. - Healonia.<br><br>13. Dac\u0103 interesa\u021bii au permis AD Lotus Therapy S.R.L. - Healonia sa foloseasc\u0103 datele personale ale acestora, contactul cu ace\u0219tia se va face doar prin mijloacele pentru care ei \u0219i-au dat acordul.<br><br>14. Manipularea datelor personale se va face doar de c\u0103tre personalul autorizat al AD Lotus Therapy S.R.L. - Healonia \u0219i doar \u00een scopul \u00een care acestea au fost colectate.<\/div><div id=\"text_block-31-119\" class=\"ct-text-block\" ><span id=\"span-32-119\" class=\"ct-span\" >Dezv\u0103luirea informa\u021biilor<\/span><br><br>15.1 Datele pe care le colect\u0103m nu vor fi transferate c\u0103tre ter\u021bi. Aceste date pot fi prelucrate doar de c\u0103tre personalul AD Lotus Therapy S.R.L. - Healonia. Forma va lua toate m\u0103surile rezonabil necesare pentru a se asigura ca datele colectate sunt prelucrate \u00een siguran\u021b\u0103 \u0219i \u00een conformitate cu prevederile prezentei Politici de confiden\u021bialitate. Datele pot fi dezv\u0103luite doar persoanelor vizate c\u00e2nd acestea \u00ee\u0219i exercit\u0103 drepturile legale asupra propriilor date.<br><br>15.2 Ca excep\u021bie de la articolul anterior, respect\u00e2nd legisla\u021bia \u00een vigoare, putem dezv\u0103lui datele dumneavoastr\u0103 partenerilor no\u0219tri de afaceri, asigur\u00e2ndu-ne prin contract c\u0103 ace\u0219tia au implementat m\u0103suri adecvate de protec\u021bie \u0219i securitate a datelor cu caracter personal, \u0219i c\u0103 acest transfer de date este legitim av\u00e2nd la baz\u0103 consim\u021b\u0103m\u00e2ntul dvs. sau alt temei legal. De exemplu, putem partaja date furnizorilor de servicii de contabilitate, servicii IT, servicii de curierat, telecomunica\u021bii sau servicii juridice. De asemenea, putem transmite datele dvs. \u00een baza \u0219i \u00een limitele prevederilor legale, c\u0103tre instan\u021bele judec\u0103tore\u0219ti, poli\u021bie \u0219i alte organe abilitate ale statului.<br><br>15.3 Dac\u0103 alege\u021bi ca metod\u0103 de plat\u0103 a comenzii, plata cu cardul bancar (debit sau credit), procesarea pl\u0103\u021bii se va efectua de c\u0103tre Paylike Danemarca, partener extern. Paylike ac\u021bioneaz\u0103 ca operator de date \u00een ceea ce prive\u0219te informa\u021biile despre instrumentul dvs. de plat\u0103, consulta\u021bi politica lor de confiden\u021bialitate pentru mai multe informa\u021bii despre procesare.<\/div><div id=\"text_block-36-119\" class=\"ct-text-block\" ><span id=\"span-37-119\" class=\"ct-span\" >Drepturile persoanelor vizate<\/span><br><br>16. Persoanele vizate au dreptul de a solicita AD Lotus Therapy S.R.L. - Healonia s\u0103 nu prelucreze datele sale personale \u00een scopuri de marketing. AD Lotus Therapy S.R.L. - Healonia va informa persoanele vizate, \u00eenainte de colectarea datelor lor, dac\u0103 inten\u021bioneaz\u0103 s\u0103 foloseasc\u0103 datele \u00een astfel de scopuri. Persoanei vizate i se va oferi posibilitatea de a alege dac\u0103 dore\u0219te sau nu o astfel de prelucrare prin bifarea anumitor c\u0103su\u021be din formularele folosite pentru colectarea datelor.<br><br>\u00cen conformitate cu Regulamentul Eurpean 679\/2016 - GDPR \u2013 persoanele vizate au urm\u0103toarele drepturi principale: dreptul de informare, dreptul de acces la date, dreptul de opozi\u021bie, dreptul de interven\u021bie asupra datelor, dreptul de a nu fi supus unei decizii individuale, precum \u0219i dreptul de a se adresa justi\u021biei.<br><br>AD Lotus Therapy S.R.L. - Healonia aduce la cuno\u0219tin\u021ba persoanelor vizate c\u0103 pentru exercitarea drepturilor mai sus men\u021bionate, se pot adresa cu o not\u0103 de rela\u021bie scris\u0103, datat\u0103 \u0219i semnat\u0103, transmis\u0103 prin e-mail \/ po\u0219t\u0103 la adresa de contact sau la sediul \u0219i punctele de lucru ale AD Lotus Therapy S.R.L. - Healonia.<\/div><div id=\"text_block-40-119\" class=\"ct-text-block\" ><span id=\"span-41-119\" class=\"ct-span\" >Accesul la \u00eenfoma\u021bii<\/span><br><br>17. Legea \u00een vigoare d\u0103 dreptul de acces la informa\u021biile personale de\u021binute tuturor persoanelor vizate. Dreptul de acces la aceste date poate fi exercitat \u00een conformitate cu legea.<\/div><div id=\"text_block-45-119\" class=\"ct-text-block\" ><span id=\"span-46-119\" class=\"ct-span\" >Leg\u0103turi (link-uri) de pe sait<\/span><br><br>18. \u00cen cazul \u00een care saitul AD Lotus Therapy S.R.L. - Healonia con\u021bine leg\u0103turi c\u0103tre alte saituri \u0219i materiale furnizate de ter\u021be p\u0103r\u021bi, aceste leg\u0103turi sunt prevazute exclusiv pentru informarea vizitatorilor paginii web. AD Lotus Therapy S.R.L. - Healonia nu de\u021bine nici un control asupra con\u021binutului acestor saituri sau materiale \u0219i nu este responsabil pentru acestea sau pentru orice pierderi sau daune care pot ap\u0103rea din utilizarea lor de c\u0103tre vizitatori.<\/div><div id=\"text_block-50-119\" class=\"ct-text-block\" ><span id=\"span-51-119\" class=\"ct-span\" >Modific\u0103ri ale politicii de confiden\u021bialitate<\/span><br><br>19. Orice modificare a Politicii de confiden\u021bialitate va fi afi\u0219at\u0103 pe saitul AD Lotus Therapy S.R.L. - Healonia \u0219i, dup\u0103 caz, va fi notificat\u0103 prin e-mail persoanelor implicate.<\/div><div id=\"text_block-54-119\" class=\"ct-text-block\" ><span id=\"span-55-119\" class=\"ct-span\" >Contact<\/span><br><br>20. \u00centreb\u0103rile, comentariile \u0219i cererile privind prezenta Politica de confiden\u021bialitate sunt binevenite \u0219i vor fi adresate prin e-mail \/ po\u0219t\u0103 la adresa de contact sau la sediul \u0219i punctele de lucru ale AD Lotus Therapy S.R.L. \u2013 Healonia. Informa\u021biile de contacte ale AD Lotus Therapy S.R.L. sunt disponibile pe saitul www.healonia.com. \u00cen cazul modificarii datelor, acestea vor fi imediat actualizate \u0219i \u00een aceast\u0103 sec\u021biune.<\/div><div id=\"text_block-59-119\" class=\"ct-text-block\" >Document actualizat la: 25 martie 2020<\/div><\/div><\/section>","protected":false},"excerpt":{"rendered":"","protected":false},"author":1,"featured_media":0,"parent":0,"menu_order":0,"comment_status":"closed","ping_status":"closed","template":"","meta":[],"yoast_head":"<!-- This site is optimized with the Yoast SEO plugin v14.0.4 - https:\/\/yoast.com\/wordpress\/plugins\/seo\/ -->\n<title>Privacy Policy - Healonia<\/title>\n<meta name=\"robots\" content=\"index, follow\" \/>\n<meta name=\"googlebot\" content=\"index, follow, max-snippet:-1, max-image-preview:large, max-video-preview:-1\" \/>\n<meta name=\"bingbot\" content=\"index, follow, max-snippet:-1, max-image-preview:large, max-video-preview:-1\" \/>\n<link rel=\"canonical\" href=\"https:\/\/healonia.com\/ro\/privacy-policy\/\" \/>\n<meta property=\"og:locale\" content=\"ro_RO\" \/>\n<meta property=\"og:type\" content=\"article\" \/>\n<meta property=\"og:title\" content=\"Privacy Policy - Healonia\" \/>\n<meta property=\"og:url\" content=\"https:\/\/healonia.com\/ro\/privacy-policy\/\" \/>\n<meta property=\"og:site_name\" content=\"Healonia\" \/>\n<meta property=\"article:modified_time\" content=\"2020-03-24T18:51:23+00:00\" \/>\n<meta name=\"twitter:card\" content=\"summary_large_image\" \/>\n<script type=\"application\/ld+json\" class=\"yoast-schema-graph\">{\"@context\":\"https:\/\/schema.org\",\"@graph\":[{\"@type\":\"Organization\",\"@id\":\"https:\/\/healonia.com\/ro\/#organization\",\"name\":\"Healonia - Distant Bio-Energy Therapy\",\"url\":\"https:\/\/healonia.com\/ro\/\",\"sameAs\":[],\"logo\":{\"@type\":\"ImageObject\",\"@id\":\"https:\/\/healonia.com\/ro\/#logo\",\"inLanguage\":\"ro-RO\",\"url\":\"https:\/\/healonia.com\/wp-content\/uploads\/2020\/03\/Healonia-Logo-Color-BK_2.png\",\"width\":200,\"height\":87,\"caption\":\"Healonia - Distant Bio-Energy Therapy\"},\"image\":{\"@id\":\"https:\/\/healonia.com\/ro\/#logo\"}},{\"@type\":\"WebSite\",\"@id\":\"https:\/\/healonia.com\/ro\/#website\",\"url\":\"https:\/\/healonia.com\/ro\/\",\"name\":\"Healonia\",\"description\":\"Distant Bio-Energy Therapy\",\"publisher\":{\"@id\":\"https:\/\/healonia.com\/ro\/#organization\"},\"potentialAction\":[{\"@type\":\"SearchAction\",\"target\":\"https:\/\/healonia.com\/ro\/?s={search_term_string}\",\"query-input\":\"required name=search_term_string\"}],\"inLanguage\":\"ro-RO\"},{\"@type\":\"WebPage\",\"@id\":\"https:\/\/healonia.com\/privacy-policy\/#webpage\",\"url\":\"https:\/\/healonia.com\/privacy-policy\/\",\"name\":\"Privacy Policy - Healonia\",\"isPartOf\":{\"@id\":\"https:\/\/healonia.com\/ro\/#website\"},\"datePublished\":\"2020-03-24T18:51:22+00:00\",\"dateModified\":\"2020-03-24T18:51:23+00:00\",\"inLanguage\":\"ro-RO\",\"potentialAction\":[{\"@type\":\"ReadAction\",\"target\":[\"https:\/\/healonia.com\/privacy-policy\/\"]}]}]}<\/script>\n<!-- \/ Yoast SEO plugin. -->","_links":{"self":[{"href":"https:\/\/healonia.com\/ro\/wp-json\/wp\/v2\/pages\/119"}],"collection":[{"href":"https:\/\/healonia.com\/ro\/wp-json\/wp\/v2\/pages"}],"about":[{"href":"https:\/\/healonia.com\/ro\/wp-json\/wp\/v2\/types\/page"}],"author":[{"embeddable":true,"href":"https:\/\/healonia.com\/ro\/wp-json\/wp\/v2\/users\/1"}],"replies":[{"embeddable":true,"href":"https:\/\/healonia.com\/ro\/wp-json\/wp\/v2\/comments?post=119"}],"version-history":[{"count":2,"href":"https:\/\/healonia.com\/ro\/wp-json\/wp\/v2\/pages\/119\/revisions"}],"predecessor-version":[{"id":121,"href":"https:\/\/healonia.com\/ro\/wp-json\/wp\/v2\/pages\/119\/revisions\/121"}],"wp:attachment":[{"href":"https:\/\/healonia.com\/ro\/wp-json\/wp\/v2\/media?parent=119"}],"curies":[{"name":"wp","href":"https:\/\/api.w.org\/{rel}","templated":true}]}}