{"id":148,"date":"2020-03-29T16:38:41","date_gmt":"2020-03-29T16:38:41","guid":{"rendered":"https:\/\/healonia.com\/?page_id=148"},"modified":"2021-06-04T13:55:50","modified_gmt":"2021-06-04T13:55:50","slug":"how-it-works","status":"publish","type":"page","link":"https:\/\/healonia.com\/ro\/how-it-works\/","title":{"rendered":"CUM FUNC\u021aIONEAZ\u0102"},"content":{"rendered":"<section id=\"section-153-148\" class=\"oxy-video-background ct-section\" style=\"background-image:linear-gradient(rgba(0,0,0,0.75), rgba(0,0,0,0.75)), url(https:\/\/healonia.com\/wp-content\/uploads\/2020\/03\/Welcome-To-Healonia.jpg);background-size:auto,  cover;\" ><div class='oxy-video-container'><video autoplay loop playsinline muted><source src='https:\/\/healonia.com\/wp-content\/uploads\/2020\/03\/Aerial-Shot-of-a-Lighthouse.webm'><\/video><div class='oxy-video-overlay'><\/div><\/div><div class=\"ct-section-inner-wrap\"><h1 id=\"headline-14-148\" class=\"ct-headline\">Healonia<br>T\u0103r\u00e2mul Vindec\u0103rii<\/h1><div id=\"text_block-16-148\" class=\"ct-text-block\" >Te pot ajuta s\u0103 scapi definitiv de diferite dureri sau afec\u021biuni cronice:<\/div><div id=\"text_block-19-148\" class=\"ct-text-block\" ><span id=\"span-22-148\" class=\"ct-span\" >\u2022<\/span> DURERI DE CAP<br><span id=\"span-24-148\" class=\"ct-span\" >\u2022<\/span> CRE\u0218TEREA IMUNIT\u0102\u021aII<br><span id=\"span-26-148\" class=\"ct-span\" >\u2022<\/span> DEPRESIE, ANXIETATE, ATACURI DE PANIC\u0102<br><span id=\"span-28-148\" class=\"ct-span\" >\u2022<\/span> INSOMNIE<br><span id=\"span-30-148\" class=\"ct-span\" >\u2022<\/span> DURERE<br><span id=\"span-32-148\" class=\"ct-span\" >\u2022<\/span> INCONTINEN\u021a\u0102 URINAR\u0102 MASCULIN\u0102<br><span id=\"span-35-148\" class=\"ct-span\" >\u2022<\/span> AFEC\u021aIUNI URO-GENITALE, ECHILIBRARE ENERGETIC\u0102<br><span id=\"span-37-148\" class=\"ct-span\" >\u2022<\/span> AFEC\u021aIUNI DIGESTIVE, DURERI ABDOMINALE<br><span id=\"span-39-148\" class=\"ct-span\" >\u2022<\/span> ALTELE!<br><\/div><\/div><\/section><section id=\"section-170-148\" class=\"ct-section\" ><div class=\"ct-section-inner-wrap\"><div id=\"new_columns-171-148\" class=\"ct-new-columns\" ><div id=\"div_block-185-148\" class=\"ct-div-block\" ><img id=\"image-186-148\" alt=\"\" src=\"https:\/\/healonia.com\/wp-content\/uploads\/2020\/03\/DSC_32831587456510251.png\" class=\"ct-image\"\/><\/div><div id=\"div_block-187-148\" class=\"ct-div-block\" ><h2 id=\"headline-197-148\" class=\"ct-headline\">Bun venit la Healonia !<\/h2><div id=\"div_block-201-148\" class=\"ct-div-block\" ><\/div><div id=\"text_block-190-148\" class=\"ct-text-block\" >Terapia prin bioenergie a ajutat la vindecarea a peste 1.000 de persoane, \u020bn ultimii 7 ani. \u0218i tu ai \u0219ansa unei vie\u021bi s\u0103n\u0103toase \u0219i echilibrate.<br><br>Vindecarea la distan\u021b\u0103 este una dintre cele mai puternice, accesibile \u0219i eficiente terapii de vindecare. Este vorba despre o energie de vindecare \u201etrimis\u0103\u201d peste spa\u021biu \u0219i timp \u0219i \u201eprimit\u0103\u201d de  pacient.<br><br>Acesta este motivul pentru care am fondat Healonia - pentru a fi accesibil\u0103 \u00een \u00eentreaga lume persoanelor ce au nevoie de un tratament f\u0103r\u0103 medicamente. Prin vindecare la distan\u021b\u0103, problemele fizice, emo\u021bionale, mentale sunt tratate f\u0103r\u0103 a fi necesar\u0103 prezen\u021ba fa\u021b\u0103 \u00een fa\u021b\u0103 cu un terapeut.&nbsp;<br><br>Vei beneficia de tratamente la distan\u021b\u0103, dup\u0103 nevoie, efectuate on-line. De obicei, dup\u0103 prima \u0219edin\u021b\u0103, vei observa o alinare a durerilor cronice, energiei sc\u0103zute \u0219i ale afec\u021biunilor somatice, precum \u0219i \u00eembun\u0103t\u0103\u021biri ale dispozi\u021biei, somnului, vitalit\u0103\u021bii, stimei de sine \u0219i ale rela\u021biilor. Cu acest tip de tratament nu trebuie s\u0103 fii prezent fizic la cabinetul meu pentru a beneficia de sesiuni. <br><br>\u00cen timpul \u0219edin\u021bei, recomand pacientului s\u0103 stea a\u0219ezat sau \u00eentins (c\u00e2nd sau unde este posibil) \u0219i s\u0103 fie separat de mul\u021bime. Pentru tratament am nevoie de o imagine a \u00eentregului corp \u0219i de un selfie (dac\u0103 nu este posibil\u0103 imaginea \u00eentregului corp, cel pu\u021bin un selfie) a pacientului. \u00cen fotografie, \u00een special \u00een cazul unei dureri acute, pacientul trebuie s\u0103 indice cu degetul sau s\u0103 marcheze un semn X exact unde este punctul dureros. \u00cen func\u021bie de tipologia \u0219i cauza durerii, aceasta se reduce par\u021bial sau total \u00een 15 p\u00e2n\u0103 la 45 de minute.<\/div><div id=\"text_block-202-148\" class=\"ct-text-block\" >Albert Deak,<br><\/div><div id=\"text_block-205-148\" class=\"ct-text-block\" >Terapeut Bio-Energetician, Fondator Healonia<br><\/div><\/div><\/div><\/div><\/section><section id=\"section-135-148\" class=\"ct-section\" ><div class=\"ct-section-inner-wrap\"><div id=\"new_columns-136-148\" class=\"ct-new-columns\" ><div id=\"div_block-137-148\" class=\"ct-div-block\" ><img id=\"image-138-148\" alt=\"\" src=\"https:\/\/healonia.com\/wp-content\/uploads\/2020\/03\/Deak-Albert.png\" class=\"ct-image\"\/><\/div><div id=\"div_block-139-148\" class=\"ct-div-block freelance-about-1-wrapper\" ><h2 id=\"headline-55-148\" class=\"ct-headline\">Welcome to Healonia!<br><\/h2><div id=\"div_block-141-148\" class=\"ct-div-block\" ><\/div><h5 id=\"headline-61-148\" class=\"ct-headline\">\u00cencep prin a-\u021bi spune, prin intermediul acestei metode am ajutat foarte mul\u021bi oameni de-a\nlungul ultimilor ani, \u0219i \u00eemi doresc s\u0103 aduc starea de bine, de echilibru, \u0219i \u00een via\u021ba ta. E absolut normal s\u0103 fii sceptic, s\u0103 ai unele \u00eendoieli \u00een ceea ce prive\u0219te eficien\u021ba terapiei cu Bio-energie, \u00eens\u0103 aminte\u0219te-\u021bi: Nu exist\u0103 miracole! \u201cMiracolele sunt create \u00een mintea omului\u201d.<br><\/h5><div id=\"text_block-64-148\" class=\"ct-text-block\" >Vindecarea la distan\u0103, este una dintre cele mai puternice, de impact dar \u0219i accesibile\nmetode, pe care eu o practic. Aceasta are la baza energia vindec\u0103toare, care transcede\ntimpul \u0219i spa\u021biul, \u0219i este canalizat\u0103 de c\u0103tre terapeut, spre pacient. A\u0219adar, vindecarea\nla distan\u021b\u0103 func\u021bioneaz\u0103 cu succes \u0219i are efecte pozitive at\u00e2t asupra problemelor fizice,\nc\u00e2t \u0219i asupra celor emo\u021bionale sau mentale, f\u0103r\u0103 a fi nevoie ca terapeutul s\u0103 ia contact\ndirect cu pacientul.&nbsp;<br><br>Through distant healing physical, emotional, mental issues are treated without having to be present face to face with the healer. Conducted remotely, you will receive 1 to 4 distant treatments as needed in 4 days.&nbsp;<br><br>Usually after the first healing process, it can provide immediately: relief from chronic pain, low energy and other somatic ailments, as well as improvements in mood, sleep, vitality, self-esteem and relationships. With this type of work, you do not have to be physically present with the healer to receive the healing.<br><br>During the healing process I recommend the patient to sit or lay down and to be separated from the crowd. For the treatment I need a whole body picture and a  selfie of the patient.  In this picture especially  in case of  an acute pain, the patient should point with his finger or mark a X sign exactly  where the painful spot is. Depending on the typology and cause of the pain, it should be reduced partially or totally between 15-45 minutes.<br><\/div><\/div><\/div><\/div><\/section><section id=\"section-206-148\" class=\"ct-section\" ><div class=\"ct-section-inner-wrap\"><h2 id=\"headline-214-148\" class=\"ct-headline hyperion-cta-3-title\">Ai \u00eencercat s\u0103 scapi de durere cu medicamente, dar nu a func\u021bionat ? \u00cencearc\u0103 Healonia.<\/h2><div id=\"text_block-215-148\" class=\"ct-text-block hyperion-body-text\" >Tratez diferite tipuri de dureri \u0219i disfunc\u021bii: dureri de cap, dureri legate de urechi, dureri de piept sau de spate, dureri legate de stomac \u0219i de zona digestiv\u0103, dismenoree (dureri menstruale), lombalgii \u0219i MULTE ALTELE!<\/div><a id=\"link-216-148\" class=\"ct-link\" href=\"https:\/\/healonia.com\/ro\/get-rid-of-your-pain\/\" target=\"_self\"  ><div id=\"text_block-217-148\" class=\"ct-text-block\" >SCAP\u0102 DE DURERE<\/div><div id=\"fancy_icon-218-148\" class=\"ct-fancy-icon\" ><svg id=\"svg-fancy_icon-218-148\"><use xlink:href=\"#FontAwesomeicon-angle-double-right\"><\/use><\/svg><\/div><\/a><\/div><\/section>","protected":false},"excerpt":{"rendered":"","protected":false},"author":1,"featured_media":0,"parent":0,"menu_order":0,"comment_status":"closed","ping_status":"closed","template":"","meta":[],"yoast_head":"<!-- This site is optimized with the Yoast SEO plugin v14.0.4 - https:\/\/yoast.com\/wordpress\/plugins\/seo\/ -->\n<title>How It Works - Healonia<\/title>\n<meta name=\"robots\" content=\"index, follow\" \/>\n<meta name=\"googlebot\" content=\"index, follow, max-snippet:-1, max-image-preview:large, max-video-preview:-1\" \/>\n<meta name=\"bingbot\" content=\"index, follow, max-snippet:-1, max-image-preview:large, max-video-preview:-1\" \/>\n<link rel=\"canonical\" href=\"https:\/\/healonia.com\/ro\/how-it-works\/\" \/>\n<meta property=\"og:locale\" content=\"ro_RO\" \/>\n<meta property=\"og:type\" content=\"article\" \/>\n<meta property=\"og:title\" content=\"How It Works - Healonia\" \/>\n<meta property=\"og:url\" content=\"https:\/\/healonia.com\/ro\/how-it-works\/\" \/>\n<meta property=\"og:site_name\" content=\"Healonia\" \/>\n<meta property=\"article:modified_time\" content=\"2021-06-04T13:55:50+00:00\" \/>\n<meta name=\"twitter:card\" content=\"summary_large_image\" \/>\n<script type=\"application\/ld+json\" class=\"yoast-schema-graph\">{\"@context\":\"https:\/\/schema.org\",\"@graph\":[{\"@type\":\"Organization\",\"@id\":\"https:\/\/healonia.com\/ro\/#organization\",\"name\":\"Healonia - Distant Bio-Energy Therapy\",\"url\":\"https:\/\/healonia.com\/ro\/\",\"sameAs\":[],\"logo\":{\"@type\":\"ImageObject\",\"@id\":\"https:\/\/healonia.com\/ro\/#logo\",\"inLanguage\":\"ro-RO\",\"url\":\"https:\/\/healonia.com\/wp-content\/uploads\/2020\/03\/Healonia-Logo-Color-BK_2.png\",\"width\":200,\"height\":87,\"caption\":\"Healonia - Distant Bio-Energy Therapy\"},\"image\":{\"@id\":\"https:\/\/healonia.com\/ro\/#logo\"}},{\"@type\":\"WebSite\",\"@id\":\"https:\/\/healonia.com\/ro\/#website\",\"url\":\"https:\/\/healonia.com\/ro\/\",\"name\":\"Healonia\",\"description\":\"Distant Bio-Energy Therapy\",\"publisher\":{\"@id\":\"https:\/\/healonia.com\/ro\/#organization\"},\"potentialAction\":[{\"@type\":\"SearchAction\",\"target\":\"https:\/\/healonia.com\/ro\/?s={search_term_string}\",\"query-input\":\"required name=search_term_string\"}],\"inLanguage\":\"ro-RO\"},{\"@type\":\"WebPage\",\"@id\":\"https:\/\/healonia.com\/how-it-works\/#webpage\",\"url\":\"https:\/\/healonia.com\/how-it-works\/\",\"name\":\"How It Works - Healonia\",\"isPartOf\":{\"@id\":\"https:\/\/healonia.com\/ro\/#website\"},\"datePublished\":\"2020-03-29T16:38:41+00:00\",\"dateModified\":\"2021-06-04T13:55:50+00:00\",\"inLanguage\":\"ro-RO\",\"potentialAction\":[{\"@type\":\"ReadAction\",\"target\":[\"https:\/\/healonia.com\/how-it-works\/\"]}]}]}<\/script>\n<!-- \/ Yoast SEO plugin. -->","_links":{"self":[{"href":"https:\/\/healonia.com\/ro\/wp-json\/wp\/v2\/pages\/148"}],"collection":[{"href":"https:\/\/healonia.com\/ro\/wp-json\/wp\/v2\/pages"}],"about":[{"href":"https:\/\/healonia.com\/ro\/wp-json\/wp\/v2\/types\/page"}],"author":[{"embeddable":true,"href":"https:\/\/healonia.com\/ro\/wp-json\/wp\/v2\/users\/1"}],"replies":[{"embeddable":true,"href":"https:\/\/healonia.com\/ro\/wp-json\/wp\/v2\/comments?post=148"}],"version-history":[{"count":5,"href":"https:\/\/healonia.com\/ro\/wp-json\/wp\/v2\/pages\/148\/revisions"}],"predecessor-version":[{"id":225,"href":"https:\/\/healonia.com\/ro\/wp-json\/wp\/v2\/pages\/148\/revisions\/225"}],"wp:attachment":[{"href":"https:\/\/healonia.com\/ro\/wp-json\/wp\/v2\/media?parent=148"}],"curies":[{"name":"wp","href":"https:\/\/api.w.org\/{rel}","templated":true}]}}