{"id":192,"date":"2020-04-13T20:52:09","date_gmt":"2020-04-13T20:52:09","guid":{"rendered":"https:\/\/healonia.com\/?page_id=192"},"modified":"2021-06-04T14:06:01","modified_gmt":"2021-06-04T14:06:01","slug":"appointment","status":"publish","type":"page","link":"https:\/\/healonia.com\/ro\/appointment\/","title":{"rendered":"PROGRAMARE"},"content":{"rendered":"<section id=\"section-15-192\" class=\"ct-section\" ><div class=\"ct-section-inner-wrap\"><h1 id=\"headline-6-192\" class=\"ct-headline\">Programeaz\u0103-\u021bi o Sesiune de Vindecare<\/h1><div id=\"text_block-146-192\" class=\"ct-text-block\" >Sunt dou\u0103 modalit\u0103\u021bi prin care i\u021bi po\u021bi face o programare.&nbsp;<\/div><div id=\"new_columns-18-192\" class=\"ct-new-columns\" ><div id=\"div_block-27-192\" class=\"ct-div-block atomic-pricing-9-column\" ><div id=\"div_block-28-192\" class=\"ct-div-block atomic-pricing-9-wrapper\" ><div id=\"div_block-59-192\" class=\"ct-div-block\" ><\/div><h4 id=\"headline-30-192\" class=\"ct-headline\">Dac\u0103 suferi de:<\/h4><div id=\"text_block-31-192\" class=\"ct-text-block atomic-pricing-9-text\" ><span id=\"span-56-192\" class=\"ct-span oxygenberg-span-56-192 oxygenberg-element\">\u2022<\/span> Migren\u0103 recurent\u0103<br><div>\u2022 Disfunc\u021bii uro-genitale<\/div><div>\u2022 Dismenoree<\/div><div>\u2022 Infertilitate<\/div><div>\u2022 Deregl\u0103ri hormonale (culoarea menstrua\u021biei se schimb\u0103 de la ro\u0219u aprins la maro \u00eenchis\/aproape negru) <br><\/div><div>\u2022 Deregl\u0103ri menstruale si alte patologii uro-genitale<\/div>\u2022 Dureri de spate cronice<br>\u2022 Dureri abdominale<br>Probleme musculo-scheletice, pentru atle\u021bi \u0219i nu numai;<br>\u2022 Incontinen\u021b\u0103 urinar\u0103 masculin\u0103<br>\u2022 Nevoia cre\u0219terii imunit\u0103\u021bii<br>\u2022 Depresie, anxietate<br>\u2022 Insomnie<br>\u2022 \u0218i ALTELE!<\/div><a id=\"link-48-192\" class=\"ct-link\" href=\"https:\/\/healonia.com\/ro\/book-a-healing-session\/\" target=\"_self\"  ><div id=\"text_block-49-192\" class=\"ct-text-block\" >PROGRAMEAZ\u0102-TE AICI<\/div><div id=\"fancy_icon-50-192\" class=\"ct-fancy-icon\" ><svg id=\"svg-fancy_icon-50-192\"><use xlink:href=\"#FontAwesomeicon-angle-double-right\"><\/use><\/svg><\/div><\/a><\/div><\/div><div id=\"div_block-19-192\" class=\"ct-div-block atomic-pricing-9-column\" ><div id=\"div_block-20-192\" class=\"ct-div-block atomic-pricing-9-wrapper\" ><div id=\"div_block-61-192\" class=\"ct-div-block\" ><\/div><h4 id=\"headline-22-192\" class=\"ct-headline\">Dac\u0103 sim\u021bi o durere foarte mare \u0219i ai nevoie de AJTOR IMEDIAT.<br><\/h4><div id=\"text_block-23-192\" class=\"ct-text-block atomic-pricing-9-text\" >\u2022 Dureri de cap<br>\u2022 Dureri ale urechilor<br>\u2022 Dureri \u00een piept<br>\u2022 Dureri de spate<br>\u2022 Dureri legate de stomac \u0219i tubul digestiv<br>\u2022 Dismenoree (dureri menstruale)<br>\u2022 Dureri lombare<\/div><a id=\"link-10-192\" class=\"ct-link\" href=\"https:\/\/healonia.com\/ro\/get-rid-of-your-pain\/\" target=\"_self\"  ><div id=\"text_block-11-192\" class=\"ct-text-block\" >SCAP\u0102 DE DURERE<\/div><div id=\"fancy_icon-12-192\" class=\"ct-fancy-icon\" ><svg id=\"svg-fancy_icon-12-192\"><use xlink:href=\"#FontAwesomeicon-angle-double-right\"><\/use><\/svg><\/div><\/a><\/div><\/div><\/div><\/div><\/section><section id=\"section-80-192\" class=\"ct-section\" ><div class=\"ct-section-inner-wrap\"><div id=\"new_columns-81-192\" class=\"ct-new-columns\" ><div id=\"div_block-82-192\" class=\"ct-div-block\" ><div id=\"fancy_icon-135-192\" class=\"ct-fancy-icon\" ><svg id=\"svg-fancy_icon-135-192\"><use xlink:href=\"#Lineariconsicon-star-half\"><\/use><\/svg><\/div><h2 id=\"headline-67-192\" class=\"ct-headline\">Recomand\u0103ri<\/h2><div id=\"text_block-83-192\" class=\"ct-text-block\" >\u2022 \u00ce\u021bi recomand\u0103m o sesiune de vindecare de 4-5 zile. Efectuat\u0103 la distan\u021b\u0103, \u00een fiecare zi vei primi \u00eentre 1 \u0219i 2 terapii, dup\u0103 caz.<br><br>\u2022 De obicei, dup\u0103 primul proces de vindecare, este posibil s\u0103 ave\u021bi imediat unul dintre urm\u0103toarele rezultate: ameliorarea durerii cronice \u0219i a altor afec\u021biunilor somatice, cre\u0219terea energiei, precum \u0219i \u00eembun\u0103t\u0103\u021birea st\u0103rii de spirit, a somnului, a vitalit\u0103\u021bii, a respectului de sine \u0219i a rela\u021biilor.<br><\/div><\/div><div id=\"div_block-84-192\" class=\"ct-div-block\" ><div id=\"fancy_icon-138-192\" class=\"ct-fancy-icon\" ><svg id=\"svg-fancy_icon-138-192\"><use xlink:href=\"#Lineariconsicon-bubble\"><\/use><\/svg><\/div><h2 id=\"headline-71-192\" class=\"ct-headline\">Ce e de \u0219tiut \u00eenainte de o sesiune de terapie<\/h2><div id=\"text_block-86-192\" class=\"ct-text-block\" >\u2022 \u00cen timpul procesului de vindecare, recomand\u0103m pacientului s\u0103 stea \u00eentins sau s\u0103 se a\u0219eze \u0219i s\u0103 fie separat de mul\u021bime. Pentru tratament avem nevoie de o imagine a \u00eentregului corp \u0219i de un selfie al pacientului. <br><br>\u2022 Dup\u0103 cele 4 zile de vindecare vei sim\u021bi efectele \u0219i beneficiile pozitive ale terapiei. Dup\u0103 21 de zile, Albert recomand\u0103 un nou diagnostic energetic pentru a vedea dac\u0103 mai este nevoie de vreun tratament.<br><\/div><\/div><\/div><\/div><\/section>","protected":false},"excerpt":{"rendered":"","protected":false},"author":1,"featured_media":0,"parent":0,"menu_order":0,"comment_status":"closed","ping_status":"closed","template":"","meta":[],"yoast_head":"<!-- This site is optimized with the Yoast SEO plugin v14.0.4 - https:\/\/yoast.com\/wordpress\/plugins\/seo\/ -->\n<title>Appointment - Healonia<\/title>\n<meta name=\"description\" content=\"Book a healing session or get rid of your pain now.\" \/>\n<meta name=\"robots\" content=\"index, follow\" \/>\n<meta name=\"googlebot\" content=\"index, follow, max-snippet:-1, max-image-preview:large, max-video-preview:-1\" \/>\n<meta name=\"bingbot\" content=\"index, follow, max-snippet:-1, max-image-preview:large, max-video-preview:-1\" \/>\n<link rel=\"canonical\" href=\"https:\/\/healonia.com\/ro\/appointment\/\" \/>\n<meta property=\"og:locale\" content=\"ro_RO\" \/>\n<meta property=\"og:type\" content=\"article\" \/>\n<meta property=\"og:title\" content=\"Book A Healing Session\" \/>\n<meta property=\"og:description\" content=\"There are two ways to make an appointment. Book a healing session or get rid of your pain now.\" \/>\n<meta property=\"og:url\" content=\"https:\/\/healonia.com\/ro\/appointment\/\" \/>\n<meta property=\"og:site_name\" content=\"Healonia\" \/>\n<meta property=\"article:modified_time\" content=\"2021-06-04T14:06:01+00:00\" \/>\n<meta property=\"og:image\" content=\"https:\/\/healonia.com\/wp-content\/uploads\/2020\/03\/Healonia-Logo-Color-BK_2.png\" \/>\n\t<meta property=\"og:image:width\" content=\"200\" \/>\n\t<meta property=\"og:image:height\" content=\"87\" \/>\n<meta name=\"twitter:card\" content=\"summary_large_image\" \/>\n<script type=\"application\/ld+json\" class=\"yoast-schema-graph\">{\"@context\":\"https:\/\/schema.org\",\"@graph\":[{\"@type\":\"Organization\",\"@id\":\"https:\/\/healonia.com\/ro\/#organization\",\"name\":\"Healonia - Distant Bio-Energy Therapy\",\"url\":\"https:\/\/healonia.com\/ro\/\",\"sameAs\":[],\"logo\":{\"@type\":\"ImageObject\",\"@id\":\"https:\/\/healonia.com\/ro\/#logo\",\"inLanguage\":\"ro-RO\",\"url\":\"https:\/\/healonia.com\/wp-content\/uploads\/2020\/03\/Healonia-Logo-Color-BK_2.png\",\"width\":200,\"height\":87,\"caption\":\"Healonia - Distant Bio-Energy Therapy\"},\"image\":{\"@id\":\"https:\/\/healonia.com\/ro\/#logo\"}},{\"@type\":\"WebSite\",\"@id\":\"https:\/\/healonia.com\/ro\/#website\",\"url\":\"https:\/\/healonia.com\/ro\/\",\"name\":\"Healonia\",\"description\":\"Distant Bio-Energy Therapy\",\"publisher\":{\"@id\":\"https:\/\/healonia.com\/ro\/#organization\"},\"potentialAction\":[{\"@type\":\"SearchAction\",\"target\":\"https:\/\/healonia.com\/ro\/?s={search_term_string}\",\"query-input\":\"required name=search_term_string\"}],\"inLanguage\":\"ro-RO\"},{\"@type\":\"WebPage\",\"@id\":\"https:\/\/healonia.com\/appointment\/#webpage\",\"url\":\"https:\/\/healonia.com\/appointment\/\",\"name\":\"Appointment - Healonia\",\"isPartOf\":{\"@id\":\"https:\/\/healonia.com\/ro\/#website\"},\"datePublished\":\"2020-04-13T20:52:09+00:00\",\"dateModified\":\"2021-06-04T14:06:01+00:00\",\"description\":\"Book a healing session or get rid of your pain now.\",\"inLanguage\":\"ro-RO\",\"potentialAction\":[{\"@type\":\"ReadAction\",\"target\":[\"https:\/\/healonia.com\/appointment\/\"]}]}]}<\/script>\n<!-- \/ Yoast SEO plugin. -->","_links":{"self":[{"href":"https:\/\/healonia.com\/ro\/wp-json\/wp\/v2\/pages\/192"}],"collection":[{"href":"https:\/\/healonia.com\/ro\/wp-json\/wp\/v2\/pages"}],"about":[{"href":"https:\/\/healonia.com\/ro\/wp-json\/wp\/v2\/types\/page"}],"author":[{"embeddable":true,"href":"https:\/\/healonia.com\/ro\/wp-json\/wp\/v2\/users\/1"}],"replies":[{"embeddable":true,"href":"https:\/\/healonia.com\/ro\/wp-json\/wp\/v2\/comments?post=192"}],"version-history":[{"count":5,"href":"https:\/\/healonia.com\/ro\/wp-json\/wp\/v2\/pages\/192\/revisions"}],"predecessor-version":[{"id":228,"href":"https:\/\/healonia.com\/ro\/wp-json\/wp\/v2\/pages\/192\/revisions\/228"}],"wp:attachment":[{"href":"https:\/\/healonia.com\/ro\/wp-json\/wp\/v2\/media?parent=192"}],"curies":[{"name":"wp","href":"https:\/\/api.w.org\/{rel}","templated":true}]}}