{"id":201,"date":"2020-04-21T13:04:14","date_gmt":"2020-04-21T13:04:14","guid":{"rendered":"https:\/\/healonia.com\/?page_id=201"},"modified":"2020-04-21T13:04:15","modified_gmt":"2020-04-21T13:04:15","slug":"book-a-healing-session","status":"publish","type":"page","link":"https:\/\/healonia.com\/ro\/book-a-healing-session\/","title":{"rendered":"Programeaz\u0103-\u021bi o Sesiune de Vindecare"},"content":{"rendered":"<section id=\"section-7-201\" class=\"ct-section\" ><div class=\"ct-section-inner-wrap\"><h1 id=\"headline-28-201\" class=\"ct-headline\">Ce trebuie s\u0103 \u0219tii \u00eenainte de sesiunea de vindecare<\/h1><div id=\"new_columns-10-201\" class=\"ct-new-columns\" ><div id=\"div_block-16-201\" class=\"ct-div-block\" ><div id=\"div_block-17-201\" class=\"ct-div-block atomic-iconblock-15-wrapper\" ><div id=\"fancy_icon-18-201\" class=\"ct-fancy-icon atomic-iconblock-15-icon\" ><svg id=\"svg-fancy_icon-18-201\"><use xlink:href=\"#Lineariconsicon-sun\"><\/use><\/svg><\/div><h4 id=\"headline-19-201\" class=\"ct-headline atomic-iconblock-15-title\">TREBUIE S\u0102 TRIMI\u021aI:<\/h4><div id=\"div_block-35-201\" class=\"ct-div-block\" ><div id=\"fancy_icon-37-201\" class=\"ct-fancy-icon\" ><svg id=\"svg-fancy_icon-37-201\"><use xlink:href=\"#FontAwesomeicon-check\"><\/use><\/svg><\/div><div id=\"text_block-20-201\" class=\"ct-text-block atomic-iconblock-15-text\" >O imagine a \u00eentregului corp \u0219i un selfie<\/div><\/div><div id=\"div_block-40-201\" class=\"ct-div-block\" ><div id=\"fancy_icon-41-201\" class=\"ct-fancy-icon\" ><svg id=\"svg-fancy_icon-41-201\"><use xlink:href=\"#FontAwesomeicon-check\"><\/use><\/svg><\/div><div id=\"text_block-42-201\" class=\"ct-text-block atomic-iconblock-15-text\" >O fotografie \u00een care indici cu degetul sau un semn X exact unde este centrul dureros<\/div><\/div><\/div><\/div><div id=\"div_block-21-201\" class=\"ct-div-block\" ><div id=\"div_block-22-201\" class=\"ct-div-block atomic-iconblock-15-wrapper\" ><div id=\"fancy_icon-23-201\" class=\"ct-fancy-icon atomic-iconblock-15-icon\" ><svg id=\"svg-fancy_icon-23-201\"><use xlink:href=\"#Lineariconsicon-smile\"><\/use><\/svg><\/div><h4 id=\"headline-24-201\" class=\"ct-headline atomic-iconblock-15-title\">R\u0102M\u00c2I RELAXAT:<\/h4><div id=\"div_block-48-201\" class=\"ct-div-block\" ><div id=\"fancy_icon-49-201\" class=\"ct-fancy-icon\" ><svg id=\"svg-fancy_icon-49-201\"><use xlink:href=\"#FontAwesomeicon-check\"><\/use><\/svg><\/div><div id=\"text_block-50-201\" class=\"ct-text-block atomic-iconblock-15-text\" >\u00ee\u021bi recomand s\u0103 stai a\u0219ezat sau \u00eentins<\/div><\/div><div id=\"div_block-53-201\" class=\"ct-div-block\" ><div id=\"fancy_icon-54-201\" class=\"ct-fancy-icon\" ><svg id=\"svg-fancy_icon-54-201\"><use xlink:href=\"#FontAwesomeicon-check\"><\/use><\/svg><\/div><div id=\"text_block-55-201\" class=\"ct-text-block atomic-iconblock-15-text\" >Fii concentrat asupra a ceea ce se \u00eent\u00e2mpl\u0103 \u00een corpul t\u0103u<\/div><\/div><div id=\"div_block-57-201\" class=\"ct-div-block\" ><div id=\"fancy_icon-58-201\" class=\"ct-fancy-icon\" ><svg id=\"svg-fancy_icon-58-201\"><use xlink:href=\"#FontAwesomeicon-check\"><\/use><\/svg><\/div><div id=\"text_block-59-201\" class=\"ct-text-block atomic-iconblock-15-text\" >Acord\u0103 feedback \u00een timpul terapiei<\/div><\/div><div id=\"div_block-61-201\" class=\"ct-div-block\" ><div id=\"fancy_icon-62-201\" class=\"ct-fancy-icon\" ><svg id=\"svg-fancy_icon-62-201\"><use xlink:href=\"#FontAwesomeicon-check\"><\/use><\/svg><\/div><div id=\"text_block-63-201\" class=\"ct-text-block atomic-iconblock-15-text\" >Ia o pauz\u0103 de 30-45 de minute de la rutina ta zilnic\u0103<\/div><\/div><\/div><\/div><\/div><\/div><\/section><section id=\"section-2-201\" class=\"ct-section\" ><div class=\"ct-section-inner-wrap\"><h1 id=\"headline-4-201\" class=\"ct-headline\">Programeaz\u0103 o sesiune de vindecare<\/h1><div id=\"shortcode-64-201\" class=\"ct-shortcode\" >\n<script>\n  var hasBookingShortcode = (typeof hasBookingShortcode === 'undefined') ? false : true\n  var bookingEntitiesIds = (typeof bookingEntitiesIds === 'undefined') ? [] : bookingEntitiesIds\n  bookingEntitiesIds.push(\n    {\n      'counter': '0',\n      'category': '',\n      'service': '',\n      'employee': '',\n      'location': ''\n    }\n  )\n<\/script>\n\n<div id=\"amelia-app-booking0\" class=\"amelia-booking amelia-frontend amelia-app-booking\">\n  <booking id=\"amelia-step-booking0\"><\/booking>\n<\/div>\n<\/div><\/div><\/section>","protected":false},"excerpt":{"rendered":"","protected":false},"author":1,"featured_media":0,"parent":0,"menu_order":0,"comment_status":"closed","ping_status":"closed","template":"","meta":[],"yoast_head":"<!-- This site is optimized with the Yoast SEO plugin v14.0.4 - https:\/\/yoast.com\/wordpress\/plugins\/seo\/ -->\n<title>Book A Healing Session - Healonia<\/title>\n<meta name=\"robots\" content=\"index, follow\" \/>\n<meta name=\"googlebot\" content=\"index, follow, max-snippet:-1, max-image-preview:large, max-video-preview:-1\" \/>\n<meta name=\"bingbot\" content=\"index, follow, max-snippet:-1, max-image-preview:large, max-video-preview:-1\" \/>\n<link rel=\"canonical\" href=\"https:\/\/healonia.com\/ro\/book-a-healing-session\/\" \/>\n<meta property=\"og:locale\" content=\"ro_RO\" \/>\n<meta property=\"og:type\" content=\"article\" \/>\n<meta property=\"og:title\" content=\"Book A Healing Session - Healonia\" \/>\n<meta property=\"og:url\" content=\"https:\/\/healonia.com\/ro\/book-a-healing-session\/\" \/>\n<meta property=\"og:site_name\" content=\"Healonia\" \/>\n<meta property=\"article:modified_time\" content=\"2020-04-21T13:04:15+00:00\" \/>\n<meta name=\"twitter:card\" content=\"summary_large_image\" \/>\n<script type=\"application\/ld+json\" class=\"yoast-schema-graph\">{\"@context\":\"https:\/\/schema.org\",\"@graph\":[{\"@type\":\"Organization\",\"@id\":\"https:\/\/healonia.com\/ro\/#organization\",\"name\":\"Healonia - Distant Bio-Energy Therapy\",\"url\":\"https:\/\/healonia.com\/ro\/\",\"sameAs\":[],\"logo\":{\"@type\":\"ImageObject\",\"@id\":\"https:\/\/healonia.com\/ro\/#logo\",\"inLanguage\":\"ro-RO\",\"url\":\"https:\/\/healonia.com\/wp-content\/uploads\/2020\/03\/Healonia-Logo-Color-BK_2.png\",\"width\":200,\"height\":87,\"caption\":\"Healonia - Distant Bio-Energy Therapy\"},\"image\":{\"@id\":\"https:\/\/healonia.com\/ro\/#logo\"}},{\"@type\":\"WebSite\",\"@id\":\"https:\/\/healonia.com\/ro\/#website\",\"url\":\"https:\/\/healonia.com\/ro\/\",\"name\":\"Healonia\",\"description\":\"Distant Bio-Energy Therapy\",\"publisher\":{\"@id\":\"https:\/\/healonia.com\/ro\/#organization\"},\"potentialAction\":[{\"@type\":\"SearchAction\",\"target\":\"https:\/\/healonia.com\/ro\/?s={search_term_string}\",\"query-input\":\"required name=search_term_string\"}],\"inLanguage\":\"ro-RO\"},{\"@type\":\"WebPage\",\"@id\":\"https:\/\/healonia.com\/book-a-healing-session\/#webpage\",\"url\":\"https:\/\/healonia.com\/book-a-healing-session\/\",\"name\":\"Book A Healing Session - Healonia\",\"isPartOf\":{\"@id\":\"https:\/\/healonia.com\/ro\/#website\"},\"datePublished\":\"2020-04-21T13:04:14+00:00\",\"dateModified\":\"2020-04-21T13:04:15+00:00\",\"inLanguage\":\"ro-RO\",\"potentialAction\":[{\"@type\":\"ReadAction\",\"target\":[\"https:\/\/healonia.com\/book-a-healing-session\/\"]}]}]}<\/script>\n<!-- \/ Yoast SEO plugin. -->","_links":{"self":[{"href":"https:\/\/healonia.com\/ro\/wp-json\/wp\/v2\/pages\/201"}],"collection":[{"href":"https:\/\/healonia.com\/ro\/wp-json\/wp\/v2\/pages"}],"about":[{"href":"https:\/\/healonia.com\/ro\/wp-json\/wp\/v2\/types\/page"}],"author":[{"embeddable":true,"href":"https:\/\/healonia.com\/ro\/wp-json\/wp\/v2\/users\/1"}],"replies":[{"embeddable":true,"href":"https:\/\/healonia.com\/ro\/wp-json\/wp\/v2\/comments?post=201"}],"version-history":[{"count":2,"href":"https:\/\/healonia.com\/ro\/wp-json\/wp\/v2\/pages\/201\/revisions"}],"predecessor-version":[{"id":203,"href":"https:\/\/healonia.com\/ro\/wp-json\/wp\/v2\/pages\/201\/revisions\/203"}],"wp:attachment":[{"href":"https:\/\/healonia.com\/ro\/wp-json\/wp\/v2\/media?parent=201"}],"curies":[{"name":"wp","href":"https:\/\/api.w.org\/{rel}","templated":true}]}}