{"id":205,"date":"2020-04-24T20:16:52","date_gmt":"2020-04-24T20:16:52","guid":{"rendered":"https:\/\/healonia.com\/?page_id=205"},"modified":"2020-04-24T20:16:53","modified_gmt":"2020-04-24T20:16:53","slug":"testimonials","status":"publish","type":"page","link":"https:\/\/healonia.com\/ro\/testimonials\/","title":{"rendered":"Testimoniale"},"content":{"rendered":"<section id=\"section-2-205\" class=\"ct-section\" style=\"background-image:linear-gradient(rgba(15,7,0,0.75), rgba(15,7,0,0.75)), url(https:\/\/healonia.com\/wp-content\/uploads\/2020\/03\/Background.jpg);background-size:auto,  cover;\" ><div class=\"ct-section-inner-wrap\"><h1 id=\"headline-3-205\" class=\"ct-headline\">Testimoniale<\/h1><\/div><\/section><section id=\"section-5-205\" class=\"ct-section\" ><div class=\"ct-section-inner-wrap\"><div id=\"new_columns-7-205\" class=\"ct-new-columns\" ><div id=\"div_block-8-205\" class=\"ct-div-block\" ><div id=\"div_block-9-205\" class=\"ct-div-block atomic-testimonial-7-wrapper\" ><div id=\"div_block-10-205\" class=\"ct-div-block\" ><div id=\"fancy_icon-11-205\" class=\"ct-fancy-icon hp-testimonial-star\" ><svg id=\"svg-fancy_icon-11-205\"><use xlink:href=\"#FontAwesomeicon-star\"><\/use><\/svg><\/div><div id=\"fancy_icon-12-205\" class=\"ct-fancy-icon hp-testimonial-star\" ><svg id=\"svg-fancy_icon-12-205\"><use xlink:href=\"#FontAwesomeicon-star\"><\/use><\/svg><\/div><div id=\"fancy_icon-13-205\" class=\"ct-fancy-icon hp-testimonial-star\" ><svg id=\"svg-fancy_icon-13-205\"><use xlink:href=\"#FontAwesomeicon-star\"><\/use><\/svg><\/div><div id=\"fancy_icon-14-205\" class=\"ct-fancy-icon hp-testimonial-star\" ><svg id=\"svg-fancy_icon-14-205\"><use xlink:href=\"#FontAwesomeicon-star\"><\/use><\/svg><\/div><div id=\"fancy_icon-15-205\" class=\"ct-fancy-icon hp-testimonial-star\" ><svg id=\"svg-fancy_icon-15-205\"><use xlink:href=\"#FontAwesomeicon-star\"><\/use><\/svg><\/div><\/div><div id=\"text_block-16-205\" class=\"ct-text-block atomic-testimonial-7-text\" >Fiind un alerg\u0103tor amator de 40+, cu o distan\u021b\u0103 medie lunar\u0103 de 200 km, exerci\u021biul face parte din rutina mea zilnic\u0103. Din nefericire, cu c\u00e2teva s\u0103pt\u0103m\u00e2ni \u00een urm\u0103, \u00een coapsa superioar\u0103 s-a dezvoltat o durere grav\u0103, care a continuat apoi spre genunchi \u0219i \u00een sus \u00eenspre zona lombar\u0103, f\u0103c\u00e2nd extrem de inconfortabil \u0219i dificil orice tip de exerci\u021biu, s\u0103 nu mai vorbim de alergare.<br><br>Cu o s\u0103pt\u0103m\u00e2n\u0103 \u00een urm\u0103, durerea a devenit at\u00e2t de intens\u0103, \u00eenc\u00e2t a trebuit s\u0103 renun\u021b la tot. Chiar \u0219i la a m\u0103 sprijini pe piciorul \u00een cauz\u0103 a fost o provocare, mersul a fost posibil doar cu un \u0219chiopat serios.&nbsp;<br><br>Niciuna dintre metodele conven\u021bionale de vindecare nu a func\u021bionat: analgezice, geluri antiinflamatoare, nimic. Apoi am contactat Healonia, pe care o cunosc de c\u00e2\u021biva ani. Din cauza evenimentelor actuale, au reu\u0219it s\u0103 ofere ajutor doar prin intermediul telefonului mobil, \u00eencep\u00e2nd \u00eentr-o mar\u021bi.&nbsp;<br><br>Dup\u0103 trei \u0219edin\u021be online, treptat am sc\u0103pat de durerile mele, apoi de \u0219chip\u0103tat \u0219i s\u00e2mb\u0103t\u0103 chiar am reu\u0219it s\u0103 alerg u\u0219or 7 km. Duminic\u0103, durerea mea obi\u0219nuit\u0103 de diminea\u021b\u0103 a disp\u0103rut \u0219i am reu\u0219it s\u0103 alerg 11 km. Am sim\u021bit o durere \u00een ambele aceste ocazii, dar a fost u\u0219or suportabil\u0103.<br><br>Cu toate acestea, spre deosebire de vremurile anterioare, durerea pe care am avut-o dup\u0103 exerci\u021biu a disp\u0103rut. De atunci, nu am mai sim\u021bit nicio durere pe coaps\u0103 sau pe genunchi, nici m\u0103car \u00een timpul mersului, de aceea, recomand cu adev\u0103rat terapia Healonia. Pentru mine a func\u021bionat.<\/div><h4 id=\"headline-17-205\" class=\"ct-headline atomic-testimonial-7-author\">P\u00e9ter Roland L\u00e1szl\u00f3<\/h4><\/div><\/div><\/div><div id=\"new_columns-18-205\" class=\"ct-new-columns\" ><div id=\"div_block-19-205\" class=\"ct-div-block\" ><div id=\"div_block-20-205\" class=\"ct-div-block atomic-testimonial-7-wrapper\" ><div id=\"div_block-21-205\" class=\"ct-div-block\" ><div id=\"fancy_icon-22-205\" class=\"ct-fancy-icon hp-testimonial-star\" ><svg id=\"svg-fancy_icon-22-205\"><use xlink:href=\"#FontAwesomeicon-star\"><\/use><\/svg><\/div><div id=\"fancy_icon-23-205\" class=\"ct-fancy-icon hp-testimonial-star\" ><svg id=\"svg-fancy_icon-23-205\"><use xlink:href=\"#FontAwesomeicon-star\"><\/use><\/svg><\/div><div id=\"fancy_icon-24-205\" class=\"ct-fancy-icon hp-testimonial-star\" ><svg id=\"svg-fancy_icon-24-205\"><use xlink:href=\"#FontAwesomeicon-star\"><\/use><\/svg><\/div><div id=\"fancy_icon-25-205\" class=\"ct-fancy-icon hp-testimonial-star\" ><svg id=\"svg-fancy_icon-25-205\"><use xlink:href=\"#FontAwesomeicon-star\"><\/use><\/svg><\/div><div id=\"fancy_icon-26-205\" class=\"ct-fancy-icon hp-testimonial-star\" ><svg id=\"svg-fancy_icon-26-205\"><use xlink:href=\"#FontAwesomeicon-star\"><\/use><\/svg><\/div><\/div><div id=\"text_block-27-205\" class=\"ct-text-block atomic-testimonial-7-text\" >Cea mai bun\u0103 terapie din lume!<br><br>\u00cens\u0103rcinat\u0103 fiind, \u0219i f\u0103r\u0103 a lua calmante sau alt tip de medicamente, Albert a f\u0103cut c\u0103\ndurerile mele de cap s\u0103 dispar\u0103 complet dup\u0103 doar 5 \u0219edin\u021be de terapie. \u00cel recomand cu\ntot dragul!<\/div><h4 id=\"headline-28-205\" class=\"ct-headline atomic-testimonial-7-author\">Bianca Racol\u021ba L\u0103pu\u0219an<\/h4><\/div><div id=\"div_block-29-205\" class=\"ct-div-block atomic-testimonial-7-wrapper\" ><div id=\"div_block-30-205\" class=\"ct-div-block\" ><div id=\"fancy_icon-31-205\" class=\"ct-fancy-icon hp-testimonial-star\" ><svg id=\"svg-fancy_icon-31-205\"><use xlink:href=\"#FontAwesomeicon-star\"><\/use><\/svg><\/div><div id=\"fancy_icon-32-205\" class=\"ct-fancy-icon hp-testimonial-star\" ><svg id=\"svg-fancy_icon-32-205\"><use xlink:href=\"#FontAwesomeicon-star\"><\/use><\/svg><\/div><div id=\"fancy_icon-33-205\" class=\"ct-fancy-icon hp-testimonial-star\" ><svg id=\"svg-fancy_icon-33-205\"><use xlink:href=\"#FontAwesomeicon-star\"><\/use><\/svg><\/div><div id=\"fancy_icon-34-205\" class=\"ct-fancy-icon hp-testimonial-star\" ><svg id=\"svg-fancy_icon-34-205\"><use xlink:href=\"#FontAwesomeicon-star\"><\/use><\/svg><\/div><div id=\"fancy_icon-35-205\" class=\"ct-fancy-icon hp-testimonial-star\" ><svg id=\"svg-fancy_icon-35-205\"><use xlink:href=\"#FontAwesomeicon-star\"><\/use><\/svg><\/div><\/div><div id=\"text_block-36-205\" class=\"ct-text-block atomic-testimonial-7-text\" >Recomand cu incredere!<br><br>Healonia mi-a tratat cu succes migrenele \u0219i restul problemelor de s\u0103n\u0103tate. Asta nu e\ntot, c\u0103ci dup\u0103 fiecare \u0219edin\u021ba m-am sim\u021bit plin de energie, c\u0103 dup\u0103 o noapte \u00een care am\navut cel mai bun \u0219i odihnitor somn!<\/div><h4 id=\"headline-37-205\" class=\"ct-headline atomic-testimonial-7-author\">Georgiana Maria<\/h4><\/div><div id=\"div_block-38-205\" class=\"ct-div-block atomic-testimonial-7-wrapper\" ><div id=\"div_block-39-205\" class=\"ct-div-block\" ><div id=\"fancy_icon-40-205\" class=\"ct-fancy-icon hp-testimonial-star\" ><svg id=\"svg-fancy_icon-40-205\"><use xlink:href=\"#FontAwesomeicon-star\"><\/use><\/svg><\/div><div id=\"fancy_icon-41-205\" class=\"ct-fancy-icon hp-testimonial-star\" ><svg id=\"svg-fancy_icon-41-205\"><use xlink:href=\"#FontAwesomeicon-star\"><\/use><\/svg><\/div><div id=\"fancy_icon-42-205\" class=\"ct-fancy-icon hp-testimonial-star\" ><svg id=\"svg-fancy_icon-42-205\"><use xlink:href=\"#FontAwesomeicon-star\"><\/use><\/svg><\/div><div id=\"fancy_icon-43-205\" class=\"ct-fancy-icon hp-testimonial-star\" ><svg id=\"svg-fancy_icon-43-205\"><use xlink:href=\"#FontAwesomeicon-star\"><\/use><\/svg><\/div><div id=\"fancy_icon-44-205\" class=\"ct-fancy-icon hp-testimonial-star\" ><svg id=\"svg-fancy_icon-44-205\"><use xlink:href=\"#FontAwesomeicon-star\"><\/use><\/svg><\/div><\/div><div id=\"text_block-45-205\" class=\"ct-text-block atomic-testimonial-7-text\" >Healonia mi-a tratat episoadele depresive(suf\u0103r de depresie cronic\u0103 de mai mul\u021bi ani).\nBio-Energia combinat\u0103 cu \u00eengrijirea medical\u0103 oferit\u0103 de doctorul meu, mi-a \u00eembun\u0103t\u0103\u021bit\nsemnificativ starea de s\u0103n\u0103tate.<\/div><h4 id=\"headline-46-205\" class=\"ct-headline atomic-testimonial-7-author\">Francesco Guarnaccia<\/h4><\/div><\/div><div id=\"div_block-47-205\" class=\"ct-div-block\" ><div id=\"div_block-48-205\" class=\"ct-div-block atomic-testimonial-7-wrapper\" ><div id=\"div_block-49-205\" class=\"ct-div-block\" ><div id=\"fancy_icon-50-205\" class=\"ct-fancy-icon hp-testimonial-star\" ><svg id=\"svg-fancy_icon-50-205\"><use xlink:href=\"#FontAwesomeicon-star\"><\/use><\/svg><\/div><div id=\"fancy_icon-51-205\" class=\"ct-fancy-icon hp-testimonial-star\" ><svg id=\"svg-fancy_icon-51-205\"><use xlink:href=\"#FontAwesomeicon-star\"><\/use><\/svg><\/div><div id=\"fancy_icon-52-205\" class=\"ct-fancy-icon hp-testimonial-star\" ><svg id=\"svg-fancy_icon-52-205\"><use xlink:href=\"#FontAwesomeicon-star\"><\/use><\/svg><\/div><div id=\"fancy_icon-53-205\" class=\"ct-fancy-icon hp-testimonial-star\" ><svg id=\"svg-fancy_icon-53-205\"><use xlink:href=\"#FontAwesomeicon-star\"><\/use><\/svg><\/div><div id=\"fancy_icon-54-205\" class=\"ct-fancy-icon hp-testimonial-star\" ><svg id=\"svg-fancy_icon-54-205\"><use xlink:href=\"#FontAwesomeicon-star\"><\/use><\/svg><\/div><\/div><div id=\"text_block-55-205\" class=\"ct-text-block atomic-testimonial-7-text\" >Rezultate remarcabile, uimitoare chiar. Recomand Healonia cu toata sinceritatea!<\/div><h4 id=\"headline-56-205\" class=\"ct-headline atomic-testimonial-7-author\">Sanda Poienaru<\/h4><\/div><div id=\"div_block-57-205\" class=\"ct-div-block atomic-testimonial-7-wrapper\" ><div id=\"div_block-58-205\" class=\"ct-div-block\" ><div id=\"fancy_icon-59-205\" class=\"ct-fancy-icon hp-testimonial-star\" ><svg id=\"svg-fancy_icon-59-205\"><use xlink:href=\"#FontAwesomeicon-star\"><\/use><\/svg><\/div><div id=\"fancy_icon-60-205\" class=\"ct-fancy-icon hp-testimonial-star\" ><svg id=\"svg-fancy_icon-60-205\"><use xlink:href=\"#FontAwesomeicon-star\"><\/use><\/svg><\/div><div id=\"fancy_icon-61-205\" class=\"ct-fancy-icon hp-testimonial-star\" ><svg id=\"svg-fancy_icon-61-205\"><use xlink:href=\"#FontAwesomeicon-star\"><\/use><\/svg><\/div><div id=\"fancy_icon-62-205\" class=\"ct-fancy-icon hp-testimonial-star\" ><svg id=\"svg-fancy_icon-62-205\"><use xlink:href=\"#FontAwesomeicon-star\"><\/use><\/svg><\/div><div id=\"fancy_icon-63-205\" class=\"ct-fancy-icon hp-testimonial-star\" ><svg id=\"svg-fancy_icon-63-205\"><use xlink:href=\"#FontAwesomeicon-star\"><\/use><\/svg><\/div><\/div><div id=\"text_block-64-205\" class=\"ct-text-block atomic-testimonial-7-text\" >S\u0103n\u0103tatea este principalul pilon pe care se sprijin\u0103 calitatea vie\u021bii noastre. <br><br>A\u0219adar,\npentru a identifica starea naostr\u0103 de s\u0103n\u0103tate e important s\u0103 ne punem \u00een balan\u021b\u0103\nnivelul de energie. \u0218i c\u00e2nd vorbim despre energie ne referim la sistemul imunitar al\ncorpului. Dac\u0103 ai bateriile \u00eenc\u0103rcate, \u0219i asta este ceea ce face Healonia \u00eentr-un mod at\u00e2t\nde frumos \u0219i impecabil, sistemul t\u0103u imunitar func\u021bioneaz\u0103 \u00een parametrii \u00eenal\u021bi, iar \u021bie nu-\n\u021bi r\u0103m\u00e2ne dec\u00e2t s\u0103 te bucuri de bun\u0103stare pe toate planurile, inclusiv cel al s\u0103n\u0103t\u0103\u021bii. <br><br>Acord\u0103, a\u0219adar, prioritate s\u0103n\u0103t\u0103\u021bii tale. Este esen\u021bial!<\/div><h4 id=\"headline-65-205\" class=\"ct-headline atomic-testimonial-7-author\">Oana Toma<\/h4><\/div><\/div><div id=\"div_block-66-205\" class=\"ct-div-block\" ><div id=\"div_block-67-205\" class=\"ct-div-block atomic-testimonial-7-wrapper\" ><div id=\"div_block-68-205\" class=\"ct-div-block\" ><div id=\"fancy_icon-69-205\" class=\"ct-fancy-icon hp-testimonial-star\" ><svg id=\"svg-fancy_icon-69-205\"><use xlink:href=\"#FontAwesomeicon-star\"><\/use><\/svg><\/div><div id=\"fancy_icon-70-205\" class=\"ct-fancy-icon hp-testimonial-star\" ><svg id=\"svg-fancy_icon-70-205\"><use xlink:href=\"#FontAwesomeicon-star\"><\/use><\/svg><\/div><div id=\"fancy_icon-71-205\" class=\"ct-fancy-icon hp-testimonial-star\" ><svg id=\"svg-fancy_icon-71-205\"><use xlink:href=\"#FontAwesomeicon-star\"><\/use><\/svg><\/div><div id=\"fancy_icon-72-205\" class=\"ct-fancy-icon hp-testimonial-star\" ><svg id=\"svg-fancy_icon-72-205\"><use xlink:href=\"#FontAwesomeicon-star\"><\/use><\/svg><\/div><div id=\"fancy_icon-73-205\" class=\"ct-fancy-icon hp-testimonial-star\" ><svg id=\"svg-fancy_icon-73-205\"><use xlink:href=\"#FontAwesomeicon-star\"><\/use><\/svg><\/div><\/div><div id=\"text_block-74-205\" class=\"ct-text-block atomic-testimonial-7-text\" >M-ai ajutat s\u0103-mi vindec copiii, familia \u0219i prietenii de diverse probleme de s\u0103n\u0103tate. M-ai\najutat s\u0103-mi g\u0103sesc pacea \u0219i s\u0103 nu-mi mai fie fric\u0103 de via\u021b\u0103.<br><br>\u00ce\u021bi doresc tot binele!<\/div><h4 id=\"headline-75-205\" class=\"ct-headline atomic-testimonial-7-author\">Lenu\u021ba Zirbo<\/h4><\/div><div id=\"div_block-76-205\" class=\"ct-div-block atomic-testimonial-7-wrapper\" ><div id=\"div_block-77-205\" class=\"ct-div-block\" ><div id=\"fancy_icon-78-205\" class=\"ct-fancy-icon hp-testimonial-star\" ><svg id=\"svg-fancy_icon-78-205\"><use xlink:href=\"#FontAwesomeicon-star\"><\/use><\/svg><\/div><div id=\"fancy_icon-79-205\" class=\"ct-fancy-icon hp-testimonial-star\" ><svg id=\"svg-fancy_icon-79-205\"><use xlink:href=\"#FontAwesomeicon-star\"><\/use><\/svg><\/div><div id=\"fancy_icon-80-205\" class=\"ct-fancy-icon hp-testimonial-star\" ><svg id=\"svg-fancy_icon-80-205\"><use xlink:href=\"#FontAwesomeicon-star\"><\/use><\/svg><\/div><div id=\"fancy_icon-81-205\" class=\"ct-fancy-icon hp-testimonial-star\" ><svg id=\"svg-fancy_icon-81-205\"><use xlink:href=\"#FontAwesomeicon-star\"><\/use><\/svg><\/div><div id=\"fancy_icon-82-205\" class=\"ct-fancy-icon hp-testimonial-star\" ><svg id=\"svg-fancy_icon-82-205\"><use xlink:href=\"#FontAwesomeicon-star\"><\/use><\/svg><\/div><\/div><div id=\"text_block-83-205\" class=\"ct-text-block atomic-testimonial-7-text\" >Recomand cu c\u0103ldur\u0103 Healonia!<br>Dup\u0103 doar o \u0219edin\u021ba, durerea mea de spate a disp\u0103rut aproape complet.<br><br>Mul\u021bumesc foarte mult!<\/div><h4 id=\"headline-84-205\" class=\"ct-headline atomic-testimonial-7-author\">Paula Pa\u0219cal\u0103u<\/h4><\/div><div id=\"div_block-85-205\" class=\"ct-div-block atomic-testimonial-7-wrapper\" ><div id=\"div_block-86-205\" class=\"ct-div-block\" ><div id=\"fancy_icon-87-205\" class=\"ct-fancy-icon hp-testimonial-star\" ><svg id=\"svg-fancy_icon-87-205\"><use xlink:href=\"#FontAwesomeicon-star\"><\/use><\/svg><\/div><div id=\"fancy_icon-88-205\" class=\"ct-fancy-icon hp-testimonial-star\" ><svg id=\"svg-fancy_icon-88-205\"><use xlink:href=\"#FontAwesomeicon-star\"><\/use><\/svg><\/div><div id=\"fancy_icon-89-205\" class=\"ct-fancy-icon hp-testimonial-star\" ><svg id=\"svg-fancy_icon-89-205\"><use xlink:href=\"#FontAwesomeicon-star\"><\/use><\/svg><\/div><div id=\"fancy_icon-90-205\" class=\"ct-fancy-icon hp-testimonial-star\" ><svg id=\"svg-fancy_icon-90-205\"><use xlink:href=\"#FontAwesomeicon-star\"><\/use><\/svg><\/div><div id=\"fancy_icon-91-205\" class=\"ct-fancy-icon hp-testimonial-star\" ><svg id=\"svg-fancy_icon-91-205\"><use xlink:href=\"#FontAwesomeicon-star\"><\/use><\/svg><\/div><\/div><div id=\"text_block-92-205\" class=\"ct-text-block atomic-testimonial-7-text\" >M\u0103 bazez pe Healonia. M\u0103 ajut\u0103 foarte mult s\u0103 trec peste anxietate \u0219i st\u0103rile de agita\u021bie.<br>Mul\u021bumesc!<\/div><h4 id=\"headline-93-205\" class=\"ct-headline atomic-testimonial-7-author\">Ioana M\u0103rginean<\/h4><\/div><div id=\"div_block-94-205\" class=\"ct-div-block atomic-testimonial-7-wrapper\" ><div id=\"div_block-95-205\" class=\"ct-div-block\" ><div id=\"fancy_icon-96-205\" class=\"ct-fancy-icon hp-testimonial-star\" ><svg id=\"svg-fancy_icon-96-205\"><use xlink:href=\"#FontAwesomeicon-star\"><\/use><\/svg><\/div><div id=\"fancy_icon-97-205\" class=\"ct-fancy-icon hp-testimonial-star\" ><svg id=\"svg-fancy_icon-97-205\"><use xlink:href=\"#FontAwesomeicon-star\"><\/use><\/svg><\/div><div id=\"fancy_icon-98-205\" class=\"ct-fancy-icon hp-testimonial-star\" ><svg id=\"svg-fancy_icon-98-205\"><use xlink:href=\"#FontAwesomeicon-star\"><\/use><\/svg><\/div><div id=\"fancy_icon-99-205\" class=\"ct-fancy-icon hp-testimonial-star\" ><svg id=\"svg-fancy_icon-99-205\"><use xlink:href=\"#FontAwesomeicon-star\"><\/use><\/svg><\/div><div id=\"fancy_icon-100-205\" class=\"ct-fancy-icon hp-testimonial-star\" ><svg id=\"svg-fancy_icon-100-205\"><use xlink:href=\"#FontAwesomeicon-star\"><\/use><\/svg><\/div><\/div><div id=\"text_block-101-205\" class=\"ct-text-block atomic-testimonial-7-text\" >Recomand aceste servicii c\u0103ci m-au ajutat foarte mult cu b\u0103ie\u021belul meu!<\/div><h4 id=\"headline-102-205\" class=\"ct-headline atomic-testimonial-7-author\">Dana Mirela Matei<\/h4><\/div><\/div><\/div><\/div><\/section><section id=\"section-149-11\" class=\"ct-section\" ><div class=\"ct-section-inner-wrap\"><div id=\"new_columns-152-11\" class=\"ct-new-columns\" ><div id=\"div_block-153-11\" class=\"ct-div-block\" ><div id=\"fancy_icon-167-11\" class=\"ct-fancy-icon\" ><svg id=\"svg-fancy_icon-167-11\"><use xlink:href=\"#Lineariconsicon-sun\"><\/use><\/svg><\/div><h2 id=\"headline-155-11\" class=\"ct-headline hyperion-cta-3-title\">Ai \u00eencercat s\u0103 scapi de durere cu medicamente, dar nu a func\u021bionat ? \u00cencearc\u0103 Healonia.<\/h2><div id=\"text_block-156-11\" class=\"ct-text-block hyperion-body-text\" >Tratez diferite tipuri de dureri \u0219i disfunc\u021bii: dureri de cap, dureri legate de urechi, dureri de piept sau de spate, dureri legate de stomac \u0219i de zona digestiv\u0103, dismenoree (dureri menstruale), lombalgii \u0219i MULTE ALTELE!<\/div><a id=\"link-173-11\" class=\"ct-link\" href=\"https:\/\/healonia.com\/ro\/get-rid-of-your-pain\/\" target=\"_self\"  ><div id=\"text_block-174-11\" class=\"ct-text-block\" >SCAP\u0102 DE DURERE<\/div><div id=\"fancy_icon-175-11\" class=\"ct-fancy-icon\" ><svg id=\"svg-fancy_icon-175-11\"><use xlink:href=\"#FontAwesomeicon-angle-double-right\"><\/use><\/svg><\/div><\/a><\/div><div id=\"div_block-158-11\" class=\"ct-div-block\" ><div id=\"fancy_icon-168-11\" class=\"ct-fancy-icon\" ><svg id=\"svg-fancy_icon-168-11\"><use xlink:href=\"#Lineariconsicon-smile\"><\/use><\/svg><\/div><h2 id=\"headline-160-11\" class=\"ct-headline hyperion-cta-3-title\">Cum func\u021bioneaz\u0103 terapia de vindecare cu BioEnergie ?<\/h2><div id=\"text_block-161-11\" class=\"ct-text-block hyperion-body-text\" >Vindecarea la distan\u021b\u0103 este una dintre cele mai puternice, accesibile \u0219i eficiente terapii de vindecare. Este vorba despre o energie de vindecare \u201etrimis\u0103\u201d peste spa\u021biu \u0219i timp \u0219i \u201eprimit\u0103\u201d de  pacient.<\/div><a id=\"link-176-11\" class=\"ct-link\" href=\"https:\/\/healonia.com\/ro\/how-it-works\/\" target=\"_self\"  ><div id=\"text_block-177-11\" class=\"ct-text-block\" >AFL\u0102 MAI MULTE<\/div><div id=\"fancy_icon-178-11\" class=\"ct-fancy-icon\" ><svg id=\"svg-fancy_icon-178-11\"><use xlink:href=\"#FontAwesomeicon-angle-double-right\"><\/use><\/svg><\/div><\/a><\/div><\/div><\/div><\/section>","protected":false},"excerpt":{"rendered":"","protected":false},"author":1,"featured_media":0,"parent":0,"menu_order":0,"comment_status":"closed","ping_status":"closed","template":"","meta":[],"yoast_head":"<!-- This site is optimized with the Yoast SEO plugin v14.0.4 - https:\/\/yoast.com\/wordpress\/plugins\/seo\/ -->\n<title>Testimonials - Healonia<\/title>\n<meta name=\"robots\" content=\"index, follow\" \/>\n<meta name=\"googlebot\" content=\"index, follow, max-snippet:-1, max-image-preview:large, max-video-preview:-1\" \/>\n<meta name=\"bingbot\" content=\"index, follow, max-snippet:-1, max-image-preview:large, max-video-preview:-1\" \/>\n<link rel=\"canonical\" href=\"https:\/\/healonia.com\/ro\/testimonials\/\" \/>\n<meta property=\"og:locale\" content=\"ro_RO\" \/>\n<meta property=\"og:type\" content=\"article\" \/>\n<meta property=\"og:title\" content=\"Testimonials - Healonia\" \/>\n<meta property=\"og:url\" content=\"https:\/\/healonia.com\/ro\/testimonials\/\" \/>\n<meta property=\"og:site_name\" content=\"Healonia\" \/>\n<meta property=\"article:modified_time\" content=\"2020-04-24T20:16:53+00:00\" \/>\n<meta name=\"twitter:card\" content=\"summary_large_image\" \/>\n<script type=\"application\/ld+json\" class=\"yoast-schema-graph\">{\"@context\":\"https:\/\/schema.org\",\"@graph\":[{\"@type\":\"Organization\",\"@id\":\"https:\/\/healonia.com\/ro\/#organization\",\"name\":\"Healonia - Distant Bio-Energy Therapy\",\"url\":\"https:\/\/healonia.com\/ro\/\",\"sameAs\":[],\"logo\":{\"@type\":\"ImageObject\",\"@id\":\"https:\/\/healonia.com\/ro\/#logo\",\"inLanguage\":\"ro-RO\",\"url\":\"https:\/\/healonia.com\/wp-content\/uploads\/2020\/03\/Healonia-Logo-Color-BK_2.png\",\"width\":200,\"height\":87,\"caption\":\"Healonia - Distant Bio-Energy Therapy\"},\"image\":{\"@id\":\"https:\/\/healonia.com\/ro\/#logo\"}},{\"@type\":\"WebSite\",\"@id\":\"https:\/\/healonia.com\/ro\/#website\",\"url\":\"https:\/\/healonia.com\/ro\/\",\"name\":\"Healonia\",\"description\":\"Distant Bio-Energy Therapy\",\"publisher\":{\"@id\":\"https:\/\/healonia.com\/ro\/#organization\"},\"potentialAction\":[{\"@type\":\"SearchAction\",\"target\":\"https:\/\/healonia.com\/ro\/?s={search_term_string}\",\"query-input\":\"required name=search_term_string\"}],\"inLanguage\":\"ro-RO\"},{\"@type\":\"WebPage\",\"@id\":\"https:\/\/healonia.com\/testimonials\/#webpage\",\"url\":\"https:\/\/healonia.com\/testimonials\/\",\"name\":\"Testimonials - Healonia\",\"isPartOf\":{\"@id\":\"https:\/\/healonia.com\/ro\/#website\"},\"datePublished\":\"2020-04-24T20:16:52+00:00\",\"dateModified\":\"2020-04-24T20:16:53+00:00\",\"inLanguage\":\"ro-RO\",\"potentialAction\":[{\"@type\":\"ReadAction\",\"target\":[\"https:\/\/healonia.com\/testimonials\/\"]}]}]}<\/script>\n<!-- \/ Yoast SEO plugin. -->","_links":{"self":[{"href":"https:\/\/healonia.com\/ro\/wp-json\/wp\/v2\/pages\/205"}],"collection":[{"href":"https:\/\/healonia.com\/ro\/wp-json\/wp\/v2\/pages"}],"about":[{"href":"https:\/\/healonia.com\/ro\/wp-json\/wp\/v2\/types\/page"}],"author":[{"embeddable":true,"href":"https:\/\/healonia.com\/ro\/wp-json\/wp\/v2\/users\/1"}],"replies":[{"embeddable":true,"href":"https:\/\/healonia.com\/ro\/wp-json\/wp\/v2\/comments?post=205"}],"version-history":[{"count":2,"href":"https:\/\/healonia.com\/ro\/wp-json\/wp\/v2\/pages\/205\/revisions"}],"predecessor-version":[{"id":207,"href":"https:\/\/healonia.com\/ro\/wp-json\/wp\/v2\/pages\/205\/revisions\/207"}],"wp:attachment":[{"href":"https:\/\/healonia.com\/ro\/wp-json\/wp\/v2\/media?parent=205"}],"curies":[{"name":"wp","href":"https:\/\/api.w.org\/{rel}","templated":true}]}}