{"id":237,"date":"2021-07-23T16:32:05","date_gmt":"2021-07-23T16:32:05","guid":{"rendered":"https:\/\/healonia.com\/?page_id=237"},"modified":"2021-07-23T16:33:01","modified_gmt":"2021-07-23T16:33:01","slug":"healonia-academy","status":"publish","type":"page","link":"https:\/\/healonia.com\/ro\/healonia-academy\/","title":{"rendered":"Academia Healonia"},"content":{"rendered":"<section id=\"section-2-237\" class=\"ct-section\" style=\"background-image:linear-gradient(rgba(15,7,0,0.75), rgba(15,7,0,0.75)), url(https:\/\/healonia.com\/wp-content\/uploads\/2021\/07\/vlad-kutepov-qnt0fP8Uphw-unsplash1.jpg);background-size:auto,  cover;\" ><div class=\"ct-section-inner-wrap\"><h1 id=\"headline-3-237\" class=\"ct-headline\" data-aos=\"fade\" data-aos-duration=\"600\">Academia Healonia<br><\/h1><\/div><\/section><section id=\"section-5-237\" class=\"ct-section\" ><div class=\"ct-section-inner-wrap\"><div id=\"text_block-6-237\" class=\"ct-text-block\" >\u201cHealonia este un cumul de cuno\u0219tin\u021be adunat dintr-un deceniu de \u0219coal\u0103 \u0219i experien\u021b\u0103 \u00een lucrul cu pacien\u021bii, zi de zi, la care am ad\u0103ugat noi tehnici. Am \u020bn\u021beles cum func\u021bioneaz\u0103 omul, cum poate fi echilibrat din punct de vedere energetic \u0219i am reu\u0219it s\u0103 descop\u0103r metode prin care s\u0103 intru \u00een aura unei persoane pentru a o optimiza, \u020bn vederea ajungerii la stadiul de homeostaz\u0103. Am numit acest protocol Land of Healing sau, pe scurt, Healonia\u201d \u2013 Albert Deak.<br><br>Dup\u0103 10 ani de studiu \u0219i practic\u0103 \u020bn terapia cu bio-energie, Albert Deak a creat un sistem\nterapeutic propriu \u2013 Healonia \u2013 care devine, de acum, disponibil tuturor celor ce vor s\u0103 aib\u0103\ncuno\u0219tin\u021be aprofundate \u00een acest domeniu. Fa\u021b\u0103 de Reiki sau alte metode de vindecare, Healonia\nare la baz\u0103 un protocol eficient, testat \u00een ani de zile de practic\u0103.<br><br>Academia Healonia porne\u0219te de la premiza c\u0103 energie avem cu to\u021bii, \u020bntr-o m\u0103sur\u0103 mai mare sau mai mic\u0103, trebuie doar s\u0103 \u0219tim s\u0103 o folosim pentru a face bine, at\u00e2t nou\u0103, c\u00e2t \u0219i celor din jur. \u00cen cadrul cursurilor, participan\u021bii vor \u00eenv\u0103\u021ba cum s\u0103 \u020b\u0219i acceseze aceast\u0103 energie, cum s\u0103 o dea mai departe, prin intermediul palmelor, anumite simboluri folosite doar \u020bn sistemul Healonia,\ncare sunt mi\u0219c\u0103rile specifice ale m\u00e2inilor \u0219i degetelor, unde \u0219i c\u00e2t trebuie \u021binute, \u020bn timpul terapiei, ce reac\u021bii genereaz\u0103 \u020bn corpul uman, cum putem influen\u021ba sistemul endocrin (hormonal) \u0219i cum se pot sista unele inflama\u021bii. \u020an acela\u0219i timp, cursan\u021bii vor \u020bnv\u0103\u021ba cum s\u0103\ndialogheze cu pacien\u021bii, ce \u020bntreb\u0103ri s\u0103 le pun\u0103, \u020bn timpul terapiei, pentru a putea ajusta\ntehnicile de vindecare, pe baza feedback-ului primit.<br><br>\u201cIdeea \u020bnfiin\u021b\u0103rii Academiei Healoniei mi-a venit \u020bn urm\u0103 cu c\u00e2\u021biva ani, \u020bn Dubai. Tot mai multe persoane \u00eemi spuneau c\u0103 vor s\u0103 \u00eenve\u021be s\u0103 fac\u0103 terapia pe care o practic eu, pentru c\u0103 au observat c\u0103 d\u0103 rezultate. A\u0219a c\u0103 am adunat o grup\u0103 de 30 \u0219i am \u021binut cursuri pro-bono. La fel am f\u0103cut \u0219i \u020bn Nepal, la Universitatea de Medicin\u0103 Sova Rigpa. \u00cencurajat de rezultatele pe care le-am\navut p\u00e2n\u0103 acum, am decis s\u0103 organizez astfel de cursuri \u0219i \u020bn Rom\u00e2nia. Eu m\u0103 consider un om extrem de norocos, am descoperit c\u0103 am un har prin intermediul c\u0103ruia \u00eei pot ajuta pe ceilal\u021bi \u0219i vreau s\u0103 dau asta mai departe. Oameni din toat\u0103 lumea au probleme de s\u0103n\u0103tate \u0219i mul\u021bi dintre ei pot fi vindeca\u021bi prin bio-energie. Eu pot trata maxim 15 pe zi \u0219i mi-e tare greu atunci c\u00e2nd trebuie s\u0103 refuz pe cineva. A\u0219a c\u0103 am decis s\u0103 \u00eenv\u0103\u021b \u0219i alte persoane s\u0103 fac\u0103 bine\u201d \u2013 Albert Deak.<\/div><div id=\"div_block-11-237\" class=\"ct-div-block oxel_accordion\" ><div id=\"code_block-12-237\" class=\"ct-code-block\" ><!-- --><\/div><div id=\"div_block-13-237\" class=\"ct-div-block oxel_accordion__row\" ><div id=\"div_block-14-237\" class=\"ct-div-block oxel_accordion__row_left\" ><div id=\"fancy_icon-15-237\" class=\"ct-fancy-icon oxel_accordion__icon\" ><svg id=\"svg-fancy_icon-15-237\"><use xlink:href=\"#Lineariconsicon-graduation-hat\"><\/use><\/svg><\/div><div id=\"text_block-16-237\" class=\"ct-text-block oxel_accordion__row__label\" >C\u00e2t dureaz\u0103 cursurile Academiei Healonia ?<\/div><\/div><div id=\"fancy_icon-17-237\" class=\"ct-fancy-icon oxel_accordion__icon\" ><svg id=\"svg-fancy_icon-17-237\"><use xlink:href=\"#Lineariconsicon-chevron-down\"><\/use><\/svg><\/div><\/div><div id=\"div_block-18-237\" class=\"ct-div-block oxel_accordion__content oxel_accordion__content__hidden\" ><div id=\"text_block-19-237\" class=\"ct-text-block\" >Academia Healonia are, \u020bn total, cinci module. <br>Un modul presupune dou\u0103\/trei zile de curs\n(vineri-duminic\u0103), opt ore pe zi.<\/div><\/div><div id=\"div_block-20-237\" class=\"ct-div-block oxel_accordion__row\" ><div id=\"div_block-21-237\" class=\"ct-div-block oxel_accordion__row_left\" ><div id=\"fancy_icon-22-237\" class=\"ct-fancy-icon oxel_accordion__icon\" ><svg id=\"svg-fancy_icon-22-237\"><use xlink:href=\"#Lineariconsicon-book\"><\/use><\/svg><\/div><div id=\"text_block-23-237\" class=\"ct-text-block oxel_accordion__row__label\" >Cum se desf\u0103\u0219oar\u0103 cursurile ?<\/div><\/div><div id=\"fancy_icon-24-237\" class=\"ct-fancy-icon oxel_accordion__icon\" ><svg id=\"svg-fancy_icon-24-237\"><use xlink:href=\"#Lineariconsicon-chevron-down\"><\/use><\/svg><\/div><\/div><div id=\"div_block-25-237\" class=\"ct-div-block oxel_accordion__content oxel_accordion__content__hidden\" ><div id=\"text_block-26-237\" class=\"ct-text-block\" >Cursurile se desf\u0103\u0219oar\u0103 \u020bn format fizic, \u00een grupe de maxim 30 de persoane.<\/div><\/div><div id=\"div_block-27-237\" class=\"ct-div-block oxel_accordion__row\" ><div id=\"div_block-28-237\" class=\"ct-div-block oxel_accordion__row_left\" ><div id=\"fancy_icon-29-237\" class=\"ct-fancy-icon oxel_accordion__icon\" ><svg id=\"svg-fancy_icon-29-237\"><use xlink:href=\"#Lineariconsicon-license\"><\/use><\/svg><\/div><div id=\"text_block-30-237\" class=\"ct-text-block oxel_accordion__row__label\" >Ce \u00eenve\u021bi la Academia Healonia ?<\/div><\/div><div id=\"fancy_icon-31-237\" class=\"ct-fancy-icon oxel_accordion__icon\" ><svg id=\"svg-fancy_icon-31-237\"><use xlink:href=\"#Lineariconsicon-chevron-down\"><\/use><\/svg><\/div><\/div><div id=\"div_block-32-237\" class=\"ct-div-block oxel_accordion__content oxel_accordion__content__hidden\" ><div id=\"text_block-33-237\" class=\"ct-text-block\" >Un modul con\u021bine partea de teorie, informa\u021bii aplicate, exemple concrete \u0219i practic\u0103.<br><br>Deja dup\u0103 primul modul, cursan\u021bii vor deveni mici vindec\u0103tori, put\u00e2nd oferi terapie fa\u021b\u0103 \u00een fa\u021b\u0103\nsau la distan\u021b\u0103 membrilor familiei \u0219i apropia\u021bilor cu dureri sau alte probleme minore de\ns\u0103n\u0103tate.<\/div><\/div><div id=\"div_block-36-237\" class=\"ct-div-block oxel_accordion__row\" ><div id=\"div_block-37-237\" class=\"ct-div-block oxel_accordion__row_left\" ><div id=\"fancy_icon-38-237\" class=\"ct-fancy-icon oxel_accordion__icon\" ><svg id=\"svg-fancy_icon-38-237\"><use xlink:href=\"#Lineariconsicon-star-half\"><\/use><\/svg><\/div><div id=\"text_block-39-237\" class=\"ct-text-block oxel_accordion__row__label\" >Cine se poate \u00eenscrie la cursuri ?<\/div><\/div><div id=\"fancy_icon-40-237\" class=\"ct-fancy-icon oxel_accordion__icon\" ><svg id=\"svg-fancy_icon-40-237\"><use xlink:href=\"#Lineariconsicon-chevron-down\"><\/use><\/svg><\/div><\/div><div id=\"div_block-42-237\" class=\"ct-div-block oxel_accordion__content oxel_accordion__content__hidden\" ><div id=\"text_block-43-237\" class=\"ct-text-block\" >La cursuri se poate \u00eenscrie orice persoan\u0103 de peste 14 ani, stabil\u0103 din punct de vedere psihic,\nf\u0103r\u0103 s\u0103 aib\u0103 nevoie de alte cuno\u0219tin\u021be \u020bn domeniu.<\/div><\/div><\/div><\/div><\/section>","protected":false},"excerpt":{"rendered":"","protected":false},"author":1,"featured_media":0,"parent":0,"menu_order":0,"comment_status":"closed","ping_status":"closed","template":"","meta":[],"yoast_head":"<!-- This site is optimized with the Yoast SEO plugin v14.0.4 - https:\/\/yoast.com\/wordpress\/plugins\/seo\/ -->\n<title>Healonia Academy - Healonia<\/title>\n<meta name=\"robots\" content=\"index, follow\" \/>\n<meta name=\"googlebot\" content=\"index, follow, max-snippet:-1, max-image-preview:large, max-video-preview:-1\" \/>\n<meta name=\"bingbot\" content=\"index, follow, max-snippet:-1, max-image-preview:large, max-video-preview:-1\" \/>\n<link rel=\"canonical\" href=\"https:\/\/healonia.com\/ro\/healonia-academy\/\" \/>\n<meta property=\"og:locale\" content=\"ro_RO\" \/>\n<meta property=\"og:type\" content=\"article\" \/>\n<meta property=\"og:title\" content=\"Healonia Academy - Healonia\" \/>\n<meta property=\"og:url\" content=\"https:\/\/healonia.com\/ro\/healonia-academy\/\" \/>\n<meta property=\"og:site_name\" content=\"Healonia\" \/>\n<meta property=\"article:modified_time\" content=\"2021-07-23T16:33:01+00:00\" \/>\n<meta name=\"twitter:card\" content=\"summary_large_image\" \/>\n<script type=\"application\/ld+json\" class=\"yoast-schema-graph\">{\"@context\":\"https:\/\/schema.org\",\"@graph\":[{\"@type\":\"Organization\",\"@id\":\"https:\/\/healonia.com\/ro\/#organization\",\"name\":\"Healonia - Distant Bio-Energy Therapy\",\"url\":\"https:\/\/healonia.com\/ro\/\",\"sameAs\":[],\"logo\":{\"@type\":\"ImageObject\",\"@id\":\"https:\/\/healonia.com\/ro\/#logo\",\"inLanguage\":\"ro-RO\",\"url\":\"https:\/\/healonia.com\/wp-content\/uploads\/2020\/03\/Healonia-Logo-Color-BK_2.png\",\"width\":200,\"height\":87,\"caption\":\"Healonia - Distant Bio-Energy Therapy\"},\"image\":{\"@id\":\"https:\/\/healonia.com\/ro\/#logo\"}},{\"@type\":\"WebSite\",\"@id\":\"https:\/\/healonia.com\/ro\/#website\",\"url\":\"https:\/\/healonia.com\/ro\/\",\"name\":\"Healonia\",\"description\":\"Distant Bio-Energy Therapy\",\"publisher\":{\"@id\":\"https:\/\/healonia.com\/ro\/#organization\"},\"potentialAction\":[{\"@type\":\"SearchAction\",\"target\":\"https:\/\/healonia.com\/ro\/?s={search_term_string}\",\"query-input\":\"required name=search_term_string\"}],\"inLanguage\":\"ro-RO\"},{\"@type\":\"WebPage\",\"@id\":\"https:\/\/healonia.com\/healonia-academy\/#webpage\",\"url\":\"https:\/\/healonia.com\/healonia-academy\/\",\"name\":\"Healonia Academy - Healonia\",\"isPartOf\":{\"@id\":\"https:\/\/healonia.com\/ro\/#website\"},\"datePublished\":\"2021-07-23T16:32:05+00:00\",\"dateModified\":\"2021-07-23T16:33:01+00:00\",\"inLanguage\":\"ro-RO\",\"potentialAction\":[{\"@type\":\"ReadAction\",\"target\":[\"https:\/\/healonia.com\/healonia-academy\/\"]}]}]}<\/script>\n<!-- \/ Yoast SEO plugin. -->","_links":{"self":[{"href":"https:\/\/healonia.com\/ro\/wp-json\/wp\/v2\/pages\/237"}],"collection":[{"href":"https:\/\/healonia.com\/ro\/wp-json\/wp\/v2\/pages"}],"about":[{"href":"https:\/\/healonia.com\/ro\/wp-json\/wp\/v2\/types\/page"}],"author":[{"embeddable":true,"href":"https:\/\/healonia.com\/ro\/wp-json\/wp\/v2\/users\/1"}],"replies":[{"embeddable":true,"href":"https:\/\/healonia.com\/ro\/wp-json\/wp\/v2\/comments?post=237"}],"version-history":[{"count":2,"href":"https:\/\/healonia.com\/ro\/wp-json\/wp\/v2\/pages\/237\/revisions"}],"predecessor-version":[{"id":240,"href":"https:\/\/healonia.com\/ro\/wp-json\/wp\/v2\/pages\/237\/revisions\/240"}],"wp:attachment":[{"href":"https:\/\/healonia.com\/ro\/wp-json\/wp\/v2\/media?parent=237"}],"curies":[{"name":"wp","href":"https:\/\/api.w.org\/{rel}","templated":true}]}}