{"id":65,"date":"2020-03-18T22:42:36","date_gmt":"2020-03-18T22:42:36","guid":{"rendered":"https:\/\/healonia.com\/?page_id=65"},"modified":"2020-03-20T23:30:49","modified_gmt":"2020-03-20T23:30:49","slug":"get-rid-of-your-pain","status":"publish","type":"page","link":"https:\/\/healonia.com\/ro\/get-rid-of-your-pain\/","title":{"rendered":"Get Rid Of Your Pain"},"content":{"rendered":"<section id=\"section-9-65\" class=\"ct-section\" ><div class=\"ct-section-inner-wrap\"><h1 id=\"headline-3-65\" class=\"ct-headline\">Healonia te ajut\u0103 s\u0103 scapi de durere \u00een 45 de minute sau mai pu\u021bin.<br><\/h1><div id=\"text_block-29-65\" class=\"ct-text-block\" >Dac\u0103 sim\u021bi o durere acut\u0103 \u0219i ai nevoie de o eliberare imediat\u0103.<\/div><div id=\"new_columns-12-65\" class=\"ct-new-columns\" ><div id=\"div_block-13-65\" class=\"ct-div-block atomic-iconblock-5-column\" ><div id=\"fancy_icon-14-65\" class=\"ct-fancy-icon atomic-iconblock-5-icon\" ><svg id=\"svg-fancy_icon-14-65\"><use xlink:href=\"#Lineariconsicon-smile\"><\/use><\/svg><\/div><h4 id=\"headline-15-65\" class=\"ct-headline atomic-iconblock-5-title\">100% Garan\u021bia return\u0103rii banilor<\/h4><div id=\"text_block-16-65\" class=\"ct-text-block atomic-iconbox-5-text\" >Dac\u0103 nu e\u0219ti mul\u021bumit de serviciile mele, banii t\u0103i vor fi restitui\u021bi integral.<\/div><\/div><div id=\"div_block-17-65\" class=\"ct-div-block atomic-iconblock-5-column\" ><div id=\"fancy_icon-18-65\" class=\"ct-fancy-icon atomic-iconblock-5-icon\" ><svg id=\"svg-fancy_icon-18-65\"><use xlink:href=\"#Lineariconsicon-clock\"><\/use><\/svg><\/div><h4 id=\"headline-19-65\" class=\"ct-headline atomic-iconblock-5-title\">Contacteaz\u0103-m\u0103<\/h4><div id=\"text_block-20-65\" class=\"ct-text-block atomic-iconbox-5-text\" >Vei lua leg\u0103tura cu Albert c\u00e2t mai cur\u00e2nd posibil.<\/div><\/div><div id=\"div_block-21-65\" class=\"ct-div-block atomic-iconblock-5-column\" ><div id=\"fancy_icon-22-65\" class=\"ct-fancy-icon atomic-iconblock-5-icon\" ><svg id=\"svg-fancy_icon-22-65\"><use xlink:href=\"#Lineariconsicon-checkmark-circle\"><\/use><\/svg><\/div><h4 id=\"headline-23-65\" class=\"ct-headline atomic-iconblock-5-title\">Scap\u0103 de durere<\/h4><div id=\"text_block-24-65\" class=\"ct-text-block atomic-iconbox-5-text\" >Dup\u0103 ce ai luat legatura cu mine, dureaz\u0103 \u00eentre 15 \u0219i 45 de minute pentru a te sc\u0103pa de durerea ta.<\/div><\/div><\/div><\/div><\/section><section id=\"section-32-65\" class=\"ct-section\" ><div class=\"ct-section-inner-wrap\"><h1 id=\"headline-94-65\" class=\"ct-headline\">Ce trebuie s\u0103 \u0219tii \u00eenainte de sesiunea de vindecare<\/h1><div id=\"new_columns-35-65\" class=\"ct-new-columns\" ><div id=\"div_block-36-65\" class=\"ct-div-block\" ><h3 id=\"headline-95-65\" class=\"ct-headline\">Dac\u0103 ai:<\/h3><div id=\"div_block-37-65\" class=\"ct-div-block atomic-content-24-checklist-wrapper\" ><div id=\"fancy_icon-38-65\" class=\"ct-fancy-icon atomic-content-24-icon\" ><svg id=\"svg-fancy_icon-38-65\"><use xlink:href=\"#FontAwesomeicon-check\"><\/use><\/svg><\/div><div id=\"text_block-39-65\" class=\"ct-text-block atomic-content-24-text\" >Dureri de cap<\/div><\/div><div id=\"div_block-40-65\" class=\"ct-div-block atomic-content-24-checklist-wrapper\" ><div id=\"fancy_icon-41-65\" class=\"ct-fancy-icon atomic-content-24-icon\" ><svg id=\"svg-fancy_icon-41-65\"><use xlink:href=\"#FontAwesomeicon-check\"><\/use><\/svg><\/div><div id=\"text_block-42-65\" class=\"ct-text-block atomic-content-24-text\" >Dureri ale urechilor<\/div><\/div><div id=\"div_block-43-65\" class=\"ct-div-block atomic-content-24-checklist-wrapper\" ><div id=\"fancy_icon-44-65\" class=\"ct-fancy-icon atomic-content-24-icon\" ><svg id=\"svg-fancy_icon-44-65\"><use xlink:href=\"#FontAwesomeicon-check\"><\/use><\/svg><\/div><div id=\"text_block-45-65\" class=\"ct-text-block atomic-content-24-text\" >Dureri \u00een piept<\/div><\/div><div id=\"div_block-46-65\" class=\"ct-div-block atomic-content-24-checklist-wrapper\" ><div id=\"fancy_icon-47-65\" class=\"ct-fancy-icon atomic-content-24-icon\" ><svg id=\"svg-fancy_icon-47-65\"><use xlink:href=\"#FontAwesomeicon-check\"><\/use><\/svg><\/div><div id=\"text_block-48-65\" class=\"ct-text-block atomic-content-24-text\" >Dureri de spate<\/div><\/div><div id=\"div_block-49-65\" class=\"ct-div-block atomic-content-24-checklist-wrapper\" ><div id=\"fancy_icon-50-65\" class=\"ct-fancy-icon atomic-content-24-icon\" ><svg id=\"svg-fancy_icon-50-65\"><use xlink:href=\"#FontAwesomeicon-check\"><\/use><\/svg><\/div><div id=\"text_block-51-65\" class=\"ct-text-block atomic-content-24-text\" >Dureri legate de stomac \u0219i tubul digestiv<\/div><\/div><div id=\"div_block-52-65\" class=\"ct-div-block atomic-content-24-checklist-wrapper\" ><div id=\"fancy_icon-53-65\" class=\"ct-fancy-icon atomic-content-24-icon\" ><svg id=\"svg-fancy_icon-53-65\"><use xlink:href=\"#FontAwesomeicon-check\"><\/use><\/svg><\/div><div id=\"text_block-54-65\" class=\"ct-text-block atomic-content-24-text\" >Dismenoree (dureri menstruale)<\/div><\/div><div id=\"div_block-104-65\" class=\"ct-div-block atomic-content-24-checklist-wrapper\" ><div id=\"fancy_icon-105-65\" class=\"ct-fancy-icon atomic-content-24-icon\" ><svg id=\"svg-fancy_icon-105-65\"><use xlink:href=\"#FontAwesomeicon-check\"><\/use><\/svg><\/div><div id=\"text_block-106-65\" class=\"ct-text-block atomic-content-24-text\" >Dureri \u00een zona lombar\u0103<\/div><\/div><\/div><div id=\"div_block-55-65\" class=\"ct-div-block\" ><h3 id=\"headline-108-65\" class=\"ct-headline\">Trebuie s\u0103 trimi\u021bi:<\/h3><div id=\"div_block-56-65\" class=\"ct-div-block atomic-content-24-checklist-wrapper\" ><div id=\"fancy_icon-57-65\" class=\"ct-fancy-icon atomic-content-24-icon\" ><svg id=\"svg-fancy_icon-57-65\"><use xlink:href=\"#FontAwesomeicon-check\"><\/use><\/svg><\/div><div id=\"text_block-58-65\" class=\"ct-text-block atomic-content-24-text\" >O imagine a \u00eentregului corp \u0219i un selfie<\/div><\/div><div id=\"div_block-59-65\" class=\"ct-div-block atomic-content-24-checklist-wrapper\" ><div id=\"fancy_icon-60-65\" class=\"ct-fancy-icon atomic-content-24-icon\" ><svg id=\"svg-fancy_icon-60-65\"><use xlink:href=\"#FontAwesomeicon-check\"><\/use><\/svg><\/div><div id=\"text_block-61-65\" class=\"ct-text-block atomic-content-24-text\" >O fotografie \u00een care indici cu degetul sau un semn X exact unde este centrul dureros<\/div><\/div><\/div><div id=\"div_block-74-65\" class=\"ct-div-block\" ><h3 id=\"headline-114-65\" class=\"ct-headline\">R\u0103m\u00e2i relaxat:<\/h3><div id=\"div_block-75-65\" class=\"ct-div-block atomic-content-24-checklist-wrapper\" ><div id=\"fancy_icon-76-65\" class=\"ct-fancy-icon atomic-content-24-icon\" ><svg id=\"svg-fancy_icon-76-65\"><use xlink:href=\"#FontAwesomeicon-check\"><\/use><\/svg><\/div><div id=\"text_block-77-65\" class=\"ct-text-block atomic-content-24-text\" >\u00ce\u021bi recomand s\u0103 stai a\u0219ezat sau \u00eentins<\/div><\/div><div id=\"div_block-78-65\" class=\"ct-div-block atomic-content-24-checklist-wrapper\" ><div id=\"fancy_icon-79-65\" class=\"ct-fancy-icon atomic-content-24-icon\" ><svg id=\"svg-fancy_icon-79-65\"><use xlink:href=\"#FontAwesomeicon-check\"><\/use><\/svg><\/div><div id=\"text_block-80-65\" class=\"ct-text-block atomic-content-24-text\" >Fii concentrat asupra a ceea ce se \u00eent\u00e2mpl\u0103 \u00een corpul t\u0103u<\/div><\/div><div id=\"div_block-81-65\" class=\"ct-div-block atomic-content-24-checklist-wrapper\" ><div id=\"fancy_icon-82-65\" class=\"ct-fancy-icon atomic-content-24-icon\" ><svg id=\"svg-fancy_icon-82-65\"><use xlink:href=\"#FontAwesomeicon-check\"><\/use><\/svg><\/div><div id=\"text_block-83-65\" class=\"ct-text-block atomic-content-24-text\" >Acord\u0103 feedback \u00een timpul terapiei<\/div><\/div><div id=\"div_block-84-65\" class=\"ct-div-block atomic-content-24-checklist-wrapper\" ><div id=\"fancy_icon-85-65\" class=\"ct-fancy-icon atomic-content-24-icon\" ><svg id=\"svg-fancy_icon-85-65\"><use xlink:href=\"#FontAwesomeicon-check\"><\/use><\/svg><\/div><div id=\"text_block-86-65\" class=\"ct-text-block atomic-content-24-text\" >Ia o pauz\u0103 de 30-45 de minute de la rutina ta zilnic\u0103<\/div><\/div><\/div><\/div><a id=\"link_text-25-65\" class=\"ct-link-text atomic-medium-button\" href=\"https:\/\/chatting.page\/healonia_chat\" target=\"_self\"  >SCAP\u0102 DE DURERE<\/a><\/div><\/section>","protected":false},"excerpt":{"rendered":"","protected":false},"author":1,"featured_media":0,"parent":0,"menu_order":0,"comment_status":"closed","ping_status":"closed","template":"","meta":[],"yoast_head":"<!-- This site is optimized with the Yoast SEO plugin v14.0.4 - https:\/\/yoast.com\/wordpress\/plugins\/seo\/ -->\n<title>Get Rid Of Your Pain - Healonia<\/title>\n<meta name=\"robots\" content=\"index, follow\" \/>\n<meta name=\"googlebot\" content=\"index, follow, max-snippet:-1, max-image-preview:large, max-video-preview:-1\" \/>\n<meta name=\"bingbot\" content=\"index, follow, max-snippet:-1, max-image-preview:large, max-video-preview:-1\" \/>\n<link rel=\"canonical\" href=\"https:\/\/healonia.com\/ro\/get-rid-of-your-pain\/\" \/>\n<meta property=\"og:locale\" content=\"ro_RO\" \/>\n<meta property=\"og:type\" content=\"article\" \/>\n<meta property=\"og:title\" content=\"Get Rid Of Your Pain - Healonia\" \/>\n<meta property=\"og:url\" content=\"https:\/\/healonia.com\/ro\/get-rid-of-your-pain\/\" \/>\n<meta property=\"og:site_name\" content=\"Healonia\" \/>\n<meta property=\"article:modified_time\" content=\"2020-03-20T23:30:49+00:00\" \/>\n<meta name=\"twitter:card\" content=\"summary_large_image\" \/>\n<script type=\"application\/ld+json\" class=\"yoast-schema-graph\">{\"@context\":\"https:\/\/schema.org\",\"@graph\":[{\"@type\":\"Organization\",\"@id\":\"https:\/\/healonia.com\/ro\/#organization\",\"name\":\"Healonia - Distant Bio-Energy Therapy\",\"url\":\"https:\/\/healonia.com\/ro\/\",\"sameAs\":[],\"logo\":{\"@type\":\"ImageObject\",\"@id\":\"https:\/\/healonia.com\/ro\/#logo\",\"inLanguage\":\"ro-RO\",\"url\":\"https:\/\/healonia.com\/wp-content\/uploads\/2020\/03\/Healonia-Logo-Color-BK_2.png\",\"width\":200,\"height\":87,\"caption\":\"Healonia - Distant Bio-Energy Therapy\"},\"image\":{\"@id\":\"https:\/\/healonia.com\/ro\/#logo\"}},{\"@type\":\"WebSite\",\"@id\":\"https:\/\/healonia.com\/ro\/#website\",\"url\":\"https:\/\/healonia.com\/ro\/\",\"name\":\"Healonia\",\"description\":\"Distant Bio-Energy Therapy\",\"publisher\":{\"@id\":\"https:\/\/healonia.com\/ro\/#organization\"},\"potentialAction\":[{\"@type\":\"SearchAction\",\"target\":\"https:\/\/healonia.com\/ro\/?s={search_term_string}\",\"query-input\":\"required name=search_term_string\"}],\"inLanguage\":\"ro-RO\"},{\"@type\":\"WebPage\",\"@id\":\"https:\/\/healonia.com\/get-rid-of-your-pain\/#webpage\",\"url\":\"https:\/\/healonia.com\/get-rid-of-your-pain\/\",\"name\":\"Get Rid Of Your Pain - Healonia\",\"isPartOf\":{\"@id\":\"https:\/\/healonia.com\/ro\/#website\"},\"datePublished\":\"2020-03-18T22:42:36+00:00\",\"dateModified\":\"2020-03-20T23:30:49+00:00\",\"inLanguage\":\"ro-RO\",\"potentialAction\":[{\"@type\":\"ReadAction\",\"target\":[\"https:\/\/healonia.com\/get-rid-of-your-pain\/\"]}]}]}<\/script>\n<!-- \/ Yoast SEO plugin. -->","_links":{"self":[{"href":"https:\/\/healonia.com\/ro\/wp-json\/wp\/v2\/pages\/65"}],"collection":[{"href":"https:\/\/healonia.com\/ro\/wp-json\/wp\/v2\/pages"}],"about":[{"href":"https:\/\/healonia.com\/ro\/wp-json\/wp\/v2\/types\/page"}],"author":[{"embeddable":true,"href":"https:\/\/healonia.com\/ro\/wp-json\/wp\/v2\/users\/1"}],"replies":[{"embeddable":true,"href":"https:\/\/healonia.com\/ro\/wp-json\/wp\/v2\/comments?post=65"}],"version-history":[{"count":2,"href":"https:\/\/healonia.com\/ro\/wp-json\/wp\/v2\/pages\/65\/revisions"}],"predecessor-version":[{"id":84,"href":"https:\/\/healonia.com\/ro\/wp-json\/wp\/v2\/pages\/65\/revisions\/84"}],"wp:attachment":[{"href":"https:\/\/healonia.com\/ro\/wp-json\/wp\/v2\/media?parent=65"}],"curies":[{"name":"wp","href":"https:\/\/api.w.org\/{rel}","templated":true}]}}